{"id":269,"date":"2025-11-29T06:15:44","date_gmt":"2025-11-29T12:15:44","guid":{"rendered":"https:\/\/coidauraterra.com\/?page_id=269"},"modified":"2026-01-06T11:52:03","modified_gmt":"2026-01-06T17:52:03","slug":"terminos-y-condiciones","status":"publish","type":"page","link":"https:\/\/coidauraterra.com\/en\/terminos-y-condiciones\/","title":{"rendered":"Terms and Conditions of Service"},"content":{"rendered":"<p class=\"has-text-align-justify has-text-align-justify\">The information contained on our website <a href=\"https:\/\/coidauraterra.com\/en\/\">https:\/\/coidauraterra.com<\/a> has been developed by Coidaura Terra S.A. de C.V. (\u201cCoidaura Terra\u201d), located at Calle Principal 4, Torre JV Building, Office 10G, Pastoresa, Xalapa, Veracruz, Mexico, C.P. 91198. Its purpose is to provide information about Coidaura Terra to our clients and the business community. Therefore, these Terms and Conditions are general in nature, and in some cases additional terms and conditions may apply to our services, which will be made available together with such services.<\/p>\n\n\n\n<p class=\"has-text-align-justify has-text-align-justify\">Accessing, browsing, or contracting services through the website or directly with Coidaura Terra implies the full and unconditional acceptance of these Terms and Conditions by the client or user.<\/p>\n\n\n\n<p class=\"has-text-align-justify has-text-align-justify\">Coidaura Terra and its contributors are not responsible for omissions or errors in the information provided on this website, nor for the interpretations, uses, or modifications made to the published content. If specific advice is required, users are encouraged to contact our personnel directly and not to use this website as a substitute for professional services. You may contact us at <a href=\"mailto:crodriguez@coidauraterra.com\">crodriguez@coidauraterra.com<\/a>.<\/p>\n\n\n\n<p class=\"has-text-align-justify has-text-align-justify\">Some links on this website may connect you to third-party websites that are not under the control of Coidaura Terra; therefore, we assume no responsibility for any material found on websites not under our control.<\/p>\n\n\n\n<p class=\"has-text-align-justify has-text-align-justify\">All information contained on this website is the property of Coidaura Terra. Its reproduction or distribution without express authorization is strictly prohibited. \u201cContent\u201d shall be understood to include, without limitation, all comments, messages, graphics, illustrations, designs, logos, names, trademarks, sound and\/or image files, photographs, recordings, software, and, in general, any material accessible through <a href=\"https:\/\/coidauraterra.com\/en\/\">https:\/\/coidauraterra.com<\/a>Such content is protected by applicable intellectual property laws. The copying, modification, reproduction, downloading, transmission, distribution, or transformation of website content without the prior authorization of the corresponding rights holder is expressly prohibited.<\/p>\n\n\n\n<p class=\"has-text-align-justify has-text-align-justify\">The use of our services does not grant you any intellectual property rights over such services or the content you access. You may not use the content of our services unless you obtain permission from the owner or such use is permitted by law. These Terms and Conditions do not grant you the right to use any trademark or logo used in our services. You must not remove, obscure, or alter any legal notices displayed in or in connection with our services.<\/p>\n\n\n\n<p><strong>User Responsibilities<\/strong><\/p>\n\n\n\n<p class=\"has-text-align-justify has-text-align-justify\">The user agrees to use this website solely for lawful activities and to act in accordance with the purposes, terms, and conditions set forth herein. In particular, the user agrees to refrain from using the content in any manner, for any purpose, or with any effect that is contrary to the law, morality, generally accepted good customs, or public order; to reproduce or copy, distribute, transform, or modify the content; or to use the content for economic purposes, direct sales, or any other commercial purpose.<\/p>\n\n\n\n<p class=\"has-text-align-justify has-text-align-justify\">If you have a Coidaura Terra account to access certain services, you are responsible for maintaining the confidentiality of your password. You are responsible for all activity that occurs under or through your account. These Terms and Conditions of Service shall be governed by the laws of the United Mexican States. Any dispute related to <a href=\"https:\/\/coidauraterra.com\/en\/\">https:\/\/coidauraterra.com<\/a> shall be submitted to the jurisdiction of the courts and tribunals of Xalapa, Veracruz, and their higher courts. The user expressly waives any other jurisdiction that may correspond to them by virtue of applicable law.<\/p>","protected":false},"excerpt":{"rendered":"<p>La informaci\u00f3n contenida en nuestra p\u00e1gina https:\/\/coidauraterra.com ha sido desarrollada por Coidaura Terra S.A. de C.V. (\u201cCoidaura Terra\u201d) ubicada en Calle Principal 4, Edificio Torre JV oficina 10G, Pastoresa, Xalapa, Veracruz, M\u00e9xico. C.P. 91198. El objetivo es proporcionar informaci\u00f3n sobre Coidaura Terra a nuestros clientes y la comunidad de negocios, por lo que estos t\u00e9rminos [&hellip;]<\/p>\n","protected":false},"author":1,"featured_media":0,"parent":0,"menu_order":0,"comment_status":"closed","ping_status":"closed","template":"","meta":{"_uag_custom_page_level_css":"","footnotes":""},"class_list":["post-269","page","type-page","status-publish","hentry"],"yoast_head":"<!-- This site is optimized with the Yoast SEO plugin v26.9 - https:\/\/yoast.com\/product\/yoast-seo-wordpress\/ -->\n<title>T\u00e9rminos y Condiciones de Servicio - Coidaura Terra<\/title>\n<meta name=\"robots\" content=\"index, follow, max-snippet:-1, max-image-preview:large, max-video-preview:-1\" \/>\n<link rel=\"canonical\" href=\"https:\/\/coidauraterra.com\/en\/terminos-y-condiciones\/\" \/>\n<meta property=\"og:locale\" content=\"en_US\" \/>\n<meta property=\"og:type\" content=\"article\" \/>\n<meta property=\"og:title\" content=\"T\u00e9rminos y Condiciones de Servicio - Coidaura Terra\" \/>\n<meta property=\"og:description\" content=\"La informaci\u00f3n contenida en nuestra p\u00e1gina https:\/\/coidauraterra.com ha sido desarrollada por Coidaura Terra S.A. de C.V. (\u201cCoidaura Terra\u201d) ubicada en Calle Principal 4, Edificio Torre JV oficina 10G, Pastoresa, Xalapa, Veracruz, M\u00e9xico. C.P. 91198. El objetivo es proporcionar informaci\u00f3n sobre Coidaura Terra a nuestros clientes y la comunidad de negocios, por lo que estos t\u00e9rminos [&hellip;]\" \/>\n<meta property=\"og:url\" content=\"https:\/\/coidauraterra.com\/en\/terminos-y-condiciones\/\" \/>\n<meta property=\"og:site_name\" content=\"Coidaura Terra\" \/>\n<meta property=\"article:modified_time\" content=\"2026-01-06T17:52:03+00:00\" \/>\n<meta name=\"twitter:card\" content=\"summary_large_image\" \/>\n<meta name=\"twitter:label1\" content=\"Est. reading time\" \/>\n\t<meta name=\"twitter:data1\" content=\"3 minutes\" \/>\n<script type=\"application\/ld+json\" class=\"yoast-schema-graph\">{\"@context\":\"https:\/\/schema.org\",\"@graph\":[{\"@type\":\"WebPage\",\"@id\":\"https:\/\/coidauraterra.com\/terminos-y-condiciones\/\",\"url\":\"https:\/\/coidauraterra.com\/terminos-y-condiciones\/\",\"name\":\"T\u00e9rminos y Condiciones de Servicio - Coidaura Terra\",\"isPartOf\":{\"@id\":\"https:\/\/coidauraterra.com\/#website\"},\"datePublished\":\"2025-11-29T12:15:44+00:00\",\"dateModified\":\"2026-01-06T17:52:03+00:00\",\"breadcrumb\":{\"@id\":\"https:\/\/coidauraterra.com\/terminos-y-condiciones\/#breadcrumb\"},\"inLanguage\":\"en-US\",\"potentialAction\":[{\"@type\":\"ReadAction\",\"target\":[\"https:\/\/coidauraterra.com\/terminos-y-condiciones\/\"]}]},{\"@type\":\"BreadcrumbList\",\"@id\":\"https:\/\/coidauraterra.com\/terminos-y-condiciones\/#breadcrumb\",\"itemListElement\":[{\"@type\":\"ListItem\",\"position\":1,\"name\":\"Home\",\"item\":\"https:\/\/coidauraterra.com\/\"},{\"@type\":\"ListItem\",\"position\":2,\"name\":\"T\u00e9rminos y Condiciones de Servicio\"}]},{\"@type\":\"WebSite\",\"@id\":\"https:\/\/coidauraterra.com\/#website\",\"url\":\"https:\/\/coidauraterra.com\/\",\"name\":\"Coidaura Terra\",\"description\":\"Seguridad &amp; Sostenibilidad\",\"publisher\":{\"@id\":\"https:\/\/coidauraterra.com\/#organization\"},\"potentialAction\":[{\"@type\":\"SearchAction\",\"target\":{\"@type\":\"EntryPoint\",\"urlTemplate\":\"https:\/\/coidauraterra.com\/?s={search_term_string}\"},\"query-input\":{\"@type\":\"PropertyValueSpecification\",\"valueRequired\":true,\"valueName\":\"search_term_string\"}}],\"inLanguage\":\"en-US\"},{\"@type\":\"Organization\",\"@id\":\"https:\/\/coidauraterra.com\/#organization\",\"name\":\"Coidaura Terra\",\"url\":\"https:\/\/coidauraterra.com\/\",\"logo\":{\"@type\":\"ImageObject\",\"inLanguage\":\"en-US\",\"@id\":\"https:\/\/coidauraterra.com\/#\/schema\/logo\/image\/\",\"url\":\"https:\/\/coidauraterra.com\/wp-content\/uploads\/2025\/11\/logo.webp\",\"contentUrl\":\"https:\/\/coidauraterra.com\/wp-content\/uploads\/2025\/11\/logo.webp\",\"width\":1903,\"height\":510,\"caption\":\"Coidaura Terra\"},\"image\":{\"@id\":\"https:\/\/coidauraterra.com\/#\/schema\/logo\/image\/\"}}]}<\/script>\n<!-- \/ Yoast SEO plugin. -->","yoast_head_json":{"title":"T\u00e9rminos y Condiciones de Servicio - Coidaura Terra","robots":{"index":"index","follow":"follow","max-snippet":"max-snippet:-1","max-image-preview":"max-image-preview:large","max-video-preview":"max-video-preview:-1"},"canonical":"https:\/\/coidauraterra.com\/en\/terminos-y-condiciones\/","og_locale":"en_US","og_type":"article","og_title":"T\u00e9rminos y Condiciones de Servicio - Coidaura Terra","og_description":"La informaci\u00f3n contenida en nuestra p\u00e1gina https:\/\/coidauraterra.com ha sido desarrollada por Coidaura Terra S.A. de C.V. (\u201cCoidaura Terra\u201d) ubicada en Calle Principal 4, Edificio Torre JV oficina 10G, Pastoresa, Xalapa, Veracruz, M\u00e9xico. C.P. 91198. El objetivo es proporcionar informaci\u00f3n sobre Coidaura Terra a nuestros clientes y la comunidad de negocios, por lo que estos t\u00e9rminos [&hellip;]","og_url":"https:\/\/coidauraterra.com\/en\/terminos-y-condiciones\/","og_site_name":"Coidaura Terra","article_modified_time":"2026-01-06T17:52:03+00:00","twitter_card":"summary_large_image","twitter_misc":{"Est. reading time":"3 minutes"},"schema":{"@context":"https:\/\/schema.org","@graph":[{"@type":"WebPage","@id":"https:\/\/coidauraterra.com\/terminos-y-condiciones\/","url":"https:\/\/coidauraterra.com\/terminos-y-condiciones\/","name":"T\u00e9rminos y Condiciones de Servicio - Coidaura Terra","isPartOf":{"@id":"https:\/\/coidauraterra.com\/#website"},"datePublished":"2025-11-29T12:15:44+00:00","dateModified":"2026-01-06T17:52:03+00:00","breadcrumb":{"@id":"https:\/\/coidauraterra.com\/terminos-y-condiciones\/#breadcrumb"},"inLanguage":"en-US","potentialAction":[{"@type":"ReadAction","target":["https:\/\/coidauraterra.com\/terminos-y-condiciones\/"]}]},{"@type":"BreadcrumbList","@id":"https:\/\/coidauraterra.com\/terminos-y-condiciones\/#breadcrumb","itemListElement":[{"@type":"ListItem","position":1,"name":"Home","item":"https:\/\/coidauraterra.com\/"},{"@type":"ListItem","position":2,"name":"T\u00e9rminos y Condiciones de Servicio"}]},{"@type":"WebSite","@id":"https:\/\/coidauraterra.com\/#website","url":"https:\/\/coidauraterra.com\/","name":"Coidaura Terra","description":"Security and Sustainability","publisher":{"@id":"https:\/\/coidauraterra.com\/#organization"},"potentialAction":[{"@type":"SearchAction","target":{"@type":"EntryPoint","urlTemplate":"https:\/\/coidauraterra.com\/?s={search_term_string}"},"query-input":{"@type":"PropertyValueSpecification","valueRequired":true,"valueName":"search_term_string"}}],"inLanguage":"en-US"},{"@type":"Organization","@id":"https:\/\/coidauraterra.com\/#organization","name":"Coidaura Terra","url":"https:\/\/coidauraterra.com\/","logo":{"@type":"ImageObject","inLanguage":"en-US","@id":"https:\/\/coidauraterra.com\/#\/schema\/logo\/image\/","url":"https:\/\/coidauraterra.com\/wp-content\/uploads\/2025\/11\/logo.webp","contentUrl":"https:\/\/coidauraterra.com\/wp-content\/uploads\/2025\/11\/logo.webp","width":1903,"height":510,"caption":"Coidaura Terra"},"image":{"@id":"https:\/\/coidauraterra.com\/#\/schema\/logo\/image\/"}}]}},"uagb_featured_image_src":{"full":false,"thumbnail":false,"medium":false,"medium_large":false,"large":false,"1536x1536":false,"2048x2048":false,"trp-custom-language-flag":false},"uagb_author_info":{"display_name":"Orachi","author_link":"https:\/\/coidauraterra.com\/en\/author\/leon-codefix\/"},"uagb_comment_info":0,"uagb_excerpt":"La informaci\u00f3n contenida en nuestra p\u00e1gina https:\/\/coidauraterra.com ha sido desarrollada por Coidaura Terra S.A. de C.V. (\u201cCoidaura Terra\u201d) ubicada en Calle Principal 4, Edificio Torre JV oficina 10G, Pastoresa, Xalapa, Veracruz, M\u00e9xico. C.P. 91198. El objetivo es proporcionar informaci\u00f3n sobre Coidaura Terra a nuestros clientes y la comunidad de negocios, por lo que estos t\u00e9rminos&hellip;","_links":{"self":[{"href":"https:\/\/coidauraterra.com\/en\/wp-json\/wp\/v2\/pages\/269","targetHints":{"allow":["GET"]}}],"collection":[{"href":"https:\/\/coidauraterra.com\/en\/wp-json\/wp\/v2\/pages"}],"about":[{"href":"https:\/\/coidauraterra.com\/en\/wp-json\/wp\/v2\/types\/page"}],"author":[{"embeddable":true,"href":"https:\/\/coidauraterra.com\/en\/wp-json\/wp\/v2\/users\/1"}],"replies":[{"embeddable":true,"href":"https:\/\/coidauraterra.com\/en\/wp-json\/wp\/v2\/comments?post=269"}],"version-history":[{"count":4,"href":"https:\/\/coidauraterra.com\/en\/wp-json\/wp\/v2\/pages\/269\/revisions"}],"predecessor-version":[{"id":783,"href":"https:\/\/coidauraterra.com\/en\/wp-json\/wp\/v2\/pages\/269\/revisions\/783"}],"wp:attachment":[{"href":"https:\/\/coidauraterra.com\/en\/wp-json\/wp\/v2\/media?parent=269"}],"curies":[{"name":"wp","href":"https:\/\/api.w.org\/{rel}","templated":true}]}}