{"id":67,"date":"2025-11-14T03:15:39","date_gmt":"2025-11-14T09:15:39","guid":{"rendered":"https:\/\/coidauraterra.com\/?page_id=67"},"modified":"2025-12-15T03:51:55","modified_gmt":"2025-12-15T09:51:55","slug":"quienes-somos","status":"publish","type":"page","link":"https:\/\/coidauraterra.com\/en\/quienes-somos\/","title":{"rendered":"About Us"},"content":{"rendered":"<div class=\"n2_clear\"><ss3-force-full-width data-overflow-x=\"body\" data-horizontal-selector=\"body\"><div class=\"n2-section-smartslider fitvidsignore  n2_clear\" data-ssid=\"3\" tabindex=\"0\" role=\"region\" aria-label=\"Slider\"><div id=\"n2-ss-3-align\" class=\"n2-ss-align\"><div class=\"n2-padding\"><div id=\"n2-ss-3\" data-creator=\"Smart Slider 3\" data-responsive=\"fullwidth\" class=\"n2-ss-slider n2-ow n2-has-hover n2notransition\">\n        <div class=\"n2-ss-slider-1 n2-ow\">\n            <div class=\"n2-ss-slider-2 n2-ow\">\n                <div class=\"n2-ss-slide-backgrounds n2-ow-all\"><div class=\"n2-ss-slide-background\" data-public-id=\"1\" data-mode=\"fill\"><div class=\"n2-ss-slide-background-image\" data-blur=\"0\" data-opacity=\"100\" data-x=\"50\" data-y=\"50\" data-alt=\"\" data-title=\"\"><picture class=\"skip-lazy\" data-skip-lazy=\"1\"><img decoding=\"async\" src=\"\/\/coidauraterra.com\/wp-content\/uploads\/2025\/11\/1.webp\" alt=\"\" title=\"\" loading=\"lazy\" class=\"skip-lazy\" data-skip-lazy=\"1\"><\/picture><\/div><div data-gradient=\"vertical\" data-color-start=\"RGBA(255,255,255,1)\" data-color-end=\"RGBA(255,255,255,0)\" style=\"background:linear-gradient(to bottom, RGBA(255,255,255,1) 0%,RGBA(255,255,255,0) 100%);\" class=\"n2-ss-slide-background-color\" data-overlay=\"1\"><\/div><\/div><\/div>                <div class=\"n2-ss-slider-3 n2-ow\">\n                    <svg xmlns=\"http:\/\/www.w3.org\/2000\/svg\" viewbox=\"0 0 1200 600\" data-related-device=\"desktopPortrait\" class=\"n2-ow n2-ss-preserve-size n2-ss-preserve-size--slider n2-ss-slide-limiter\"><\/svg><div data-first=\"1\" data-slide-duration=\"0\" data-id=\"4\" data-slide-public-id=\"1\" data-title=\"Quienes somos\" class=\"n2-ss-slide n2-ow  n2-ss-slide-4\"><div role=\"note\" class=\"n2-ss-slide--focus\" tabindex=\"-1\">Quienes somos<\/div><div class=\"n2-ss-layers-container n2-ss-slide-limiter n2-ow\"><div class=\"n2-ss-layer n2-ow n-uc-KhqXhwtFxTz9\" data-sstype=\"slide\" data-pm=\"default\"><div class=\"n2-ss-layer n2-ow n-uc-hOfZNj7iDEX5\" data-pm=\"default\" data-sstype=\"content\" data-hasbackground=\"0\"><div class=\"n2-ss-section-main-content n2-ss-layer-with-background n2-ss-layer-content n2-ow n-uc-hOfZNj7iDEX5-inner\"><div class=\"n2-ss-layer n2-ow n2-ss-layer--block n2-ss-has-self-align n-uc-16f2019dcfd41\" data-pm=\"normal\" data-sstype=\"row\"><div class=\"n2-ss-layer-row n2-ss-layer-with-background n-uc-16f2019dcfd41-inner\"><div class=\"n2-ss-layer-row-inner\"><div class=\"n2-ss-layer n2-ow n-uc-1e3294da40a41\" data-pm=\"default\" data-sstype=\"col\"><div class=\"n2-ss-layer-col n2-ss-layer-with-background n2-ss-layer-content n-uc-1e3294da40a41-inner\"><div class=\"n2-ss-layer n2-ow n-uc-uZ5jKmNTK6NY\" data-pm=\"normal\" data-sstype=\"layer\"><div class=\"n2-ss-item-content n2-ss-text n2-ow-all\"><div class=\"\"><p class=\"n2-font-bbbf8f8283fe3b4a9a9db4f23879ac81-paragraph  n2-style-917da7e42c1dc5520a7a1abdc3bc31ef-heading\"><b>Coidaura Terra<\/b> es una consultor\u00eda boutique mexicana que <b>supports<\/b> companies and individuals <b>in their transition toward safer, more responsible, and more sustainable practices<\/b>.<\/p>\n<\/div><\/div><\/div><div class=\"n2-ss-layer n2-ow n-uc-rTtJnd7DRLFS\" data-pm=\"normal\" data-sstype=\"layer\"><div class=\"n2-ss-item-content n2-ss-text n2-ow-all\"><div class=\"\"><p class=\"n2-font-bbbf8f8283fe3b4a9a9db4f23879ac81-paragraph  n2-style-917da7e42c1dc5520a7a1abdc3bc31ef-heading\">Through <b>strategic advisory<\/b> services and tailored solutions, we strengthen regulatory compliance, social and environmental impact, and long-term commitment to sustainability. Our approach is practical and collaborative, guiding each client <i>toward a more balanced and resilient future<\/i>.<\/p>\n<\/div><\/div><\/div><\/div><\/div><\/div><\/div><\/div><\/div><\/div><\/div><\/div><\/div>                <\/div>\n                            <\/div>\n        <\/div>\n        <\/div><ss3-loader><\/ss3-loader><\/div><\/div><div class=\"n2_clear\"><\/div><\/div><\/ss3-force-full-width><\/div>\n\n\n<div class=\"wp-block-uagb-container uagb-block-538cf11c alignfull uagb-is-root-container\"><div class=\"uagb-container-inner-blocks-wrap\">\n<div class=\"wp-block-uagb-container uagb-layout-grid uagb-block-b0a2e357\">\n<div class=\"wp-block-group has-base-color has-accent-2-background-color has-text-color has-background has-link-color wp-elements-d74b8f85497ccbbcb6bc526d28c7c41a is-vertical is-content-justification-center is-layout-flex wp-container-core-group-is-layout-ce155fab wp-block-group-is-layout-flex\">\n<h2 class=\"wp-block-heading has-text-align-center has-base-color has-text-color has-link-color wp-elements-97e1e590b0ecf5668d27cacbb1e4c1c7\" style=\"margin-top:var(--wp--preset--spacing--50)\">Mission<\/h2>\n\n\n\n<p class=\"has-text-align-center\" style=\"margin-bottom:var(--wp--preset--spacing--50);padding-right:var(--wp--preset--spacing--50);padding-left:var(--wp--preset--spacing--50)\">We drive sustainability solutions that are naturally integrated into our clients\u2019 operations and organizational culture, fostering a harmonious relationship between people and their environment from a human rights\u2013based perspective.<\/p>\n\n\n\n<figure class=\"wp-block-image size-large\"><img loading=\"lazy\" decoding=\"async\" width=\"1024\" height=\"554\" src=\"https:\/\/coidauraterra.com\/wp-content\/uploads\/2025\/12\/quienes-somos-mision-1024x554.webp\" alt=\"\" class=\"wp-image-416\" srcset=\"https:\/\/coidauraterra.com\/wp-content\/uploads\/2025\/12\/quienes-somos-mision-1024x554.webp 1024w, https:\/\/coidauraterra.com\/wp-content\/uploads\/2025\/12\/quienes-somos-mision-300x162.webp 300w, https:\/\/coidauraterra.com\/wp-content\/uploads\/2025\/12\/quienes-somos-mision-768x415.webp 768w, https:\/\/coidauraterra.com\/wp-content\/uploads\/2025\/12\/quienes-somos-mision-18x10.webp 18w, https:\/\/coidauraterra.com\/wp-content\/uploads\/2025\/12\/quienes-somos-mision.webp 1280w\" sizes=\"auto, (max-width: 1024px) 100vw, 1024px\" \/><\/figure>\n<\/div>\n\n\n\n<div class=\"wp-block-group has-base-color has-accent-2-background-color has-text-color has-background has-link-color wp-elements-38af82feda1bc46e11e7b444dae8840d is-vertical is-content-justification-center is-layout-flex wp-container-core-group-is-layout-ce155fab wp-block-group-is-layout-flex\">\n<figure class=\"wp-block-image size-large\"><img loading=\"lazy\" decoding=\"async\" width=\"1024\" height=\"554\" src=\"https:\/\/coidauraterra.com\/wp-content\/uploads\/2025\/12\/quienes-somos-vision-1024x554.webp\" alt=\"\" class=\"wp-image-417\" srcset=\"https:\/\/coidauraterra.com\/wp-content\/uploads\/2025\/12\/quienes-somos-vision-1024x554.webp 1024w, https:\/\/coidauraterra.com\/wp-content\/uploads\/2025\/12\/quienes-somos-vision-300x162.webp 300w, https:\/\/coidauraterra.com\/wp-content\/uploads\/2025\/12\/quienes-somos-vision-768x415.webp 768w, https:\/\/coidauraterra.com\/wp-content\/uploads\/2025\/12\/quienes-somos-vision-18x10.webp 18w, https:\/\/coidauraterra.com\/wp-content\/uploads\/2025\/12\/quienes-somos-vision.webp 1280w\" sizes=\"auto, (max-width: 1024px) 100vw, 1024px\" \/><\/figure>\n\n\n\n<h2 class=\"wp-block-heading has-text-align-center has-base-color has-text-color has-link-color wp-elements-095668708e569fc71903546f8eaa4541\" style=\"margin-top:var(--wp--preset--spacing--50)\">Vision<\/h2>\n\n\n\n<p class=\"has-text-align-center\" style=\"margin-bottom:var(--wp--preset--spacing--50);padding-right:var(--wp--preset--spacing--50);padding-left:var(--wp--preset--spacing--50)\">To be the partner that transforms the way safety and sustainability are understood, driving actions that go beyond compliance and create a lasting impact on society and the planet.<\/p>\n<\/div>\n<\/div>\n<\/div><\/div>\n\n\n\n<div class=\"wp-block-uagb-container uagb-block-865ac7c3 alignfull uagb-is-root-container\"><div class=\"uagb-container-inner-blocks-wrap\">\n<h2 class=\"wp-block-heading has-text-align-center\"><strong>Our Values<\/strong><\/h2>\n\n\n\n<div class=\"wp-block-uagb-container uagb-layout-grid uagb-block-69b51db6\">\n<div class=\"wp-block-group is-vertical is-layout-flex wp-container-core-group-is-layout-fe9cc265 wp-block-group-is-layout-flex\">\n<div class=\"wp-block-uagb-image aligncenter uagb-block-d42cb845 wp-block-uagb-image--layout-default wp-block-uagb-image--effect-static wp-block-uagb-image--align-center value-icon\"><figure class=\"wp-block-uagb-image__figure\"><img decoding=\"async\"  sizes=\"auto, (max-width: 480px) 150px\" src=\"https:\/\/coidauraterra.com\/wp-content\/uploads\/2025\/11\/icon-1.webp\" alt=\"\" width=\"64\" height=\"64\" title=\"\" loading=\"lazy\" role=\"img\"\/><\/figure><\/div>\n\n\n\n<div class=\"wp-block-group has-accent-2-color has-accent-3-background-color has-text-color has-background has-link-color wp-elements-98f01c8008262d7a6f6ed66ba8add20c is-vertical is-content-justification-center is-layout-flex wp-container-core-group-is-layout-ce155fab wp-block-group-is-layout-flex\" style=\"min-height:22em\">\n<h2 class=\"wp-block-heading has-text-align-center\" style=\"margin-top:var(--wp--preset--spacing--50);padding-top:0\"><strong>Ethics and Transparency<\/strong><\/h2>\n\n\n\n<p class=\"has-text-align-center\" style=\"padding-right:var(--wp--preset--spacing--30);padding-left:var(--wp--preset--spacing--30)\">We operate with absolute transparency, aligning every action with principles that protect human rights, our clients\u2019 vision, and their ecosystem of impact.<\/p>\n<\/div>\n<\/div>\n\n\n\n<div class=\"wp-block-group is-vertical is-layout-flex wp-container-core-group-is-layout-fe9cc265 wp-block-group-is-layout-flex\">\n<div class=\"wp-block-uagb-image aligncenter uagb-block-d42cb845 wp-block-uagb-image--layout-default wp-block-uagb-image--effect-static wp-block-uagb-image--align-center value-icon\"><figure class=\"wp-block-uagb-image__figure\"><img decoding=\"async\" srcset=\"https:\/\/coidauraterra.com\/wp-content\/uploads\/2025\/11\/icon-2.webp ,https:\/\/coidauraterra.com\/wp-content\/uploads\/2025\/11\/icon-2.webp 780w, https:\/\/coidauraterra.com\/wp-content\/uploads\/2025\/11\/icon-2.webp 360w\" sizes=\"auto, (max-width: 480px) 150px\" src=\"https:\/\/coidauraterra.com\/wp-content\/uploads\/2025\/11\/icon-2.webp\" alt=\"\" class=\"uag-image-104\" width=\"256\" height=\"256\" title=\"icon-2\" loading=\"lazy\" role=\"img\"\/><\/figure><\/div>\n\n\n\n<div class=\"wp-block-group has-accent-2-color has-accent-3-background-color has-text-color has-background has-link-color wp-elements-ae6054f676ba71bd3b48dbd6e15381aa is-vertical is-content-justification-center is-layout-flex wp-container-core-group-is-layout-ce155fab wp-block-group-is-layout-flex\" style=\"min-height:22em\">\n<h2 class=\"wp-block-heading has-text-align-center\" style=\"margin-top:var(--wp--preset--spacing--50);padding-top:0\"><strong>Contribution and Collaboration<\/strong><\/h2>\n\n\n\n<p class=\"has-text-align-center\" style=\"padding-right:var(--wp--preset--spacing--30);padding-left:var(--wp--preset--spacing--30)\">We believe in the power of genuine collaboration. Our solutions are born from dialogue and the active participation of those seeking meaningful change.<\/p>\n<\/div>\n<\/div>\n\n\n\n<div class=\"wp-block-group is-vertical is-layout-flex wp-container-core-group-is-layout-fe9cc265 wp-block-group-is-layout-flex\">\n<div class=\"wp-block-uagb-image aligncenter uagb-block-d42cb845 wp-block-uagb-image--layout-default wp-block-uagb-image--effect-static wp-block-uagb-image--align-center value-icon\"><figure class=\"wp-block-uagb-image__figure\"><img decoding=\"async\" srcset=\"https:\/\/coidauraterra.com\/wp-content\/uploads\/2025\/11\/icon-3.webp ,https:\/\/coidauraterra.com\/wp-content\/uploads\/2025\/11\/icon-3.webp 780w, https:\/\/coidauraterra.com\/wp-content\/uploads\/2025\/11\/icon-3.webp 360w\" sizes=\"auto, (max-width: 480px) 150px\" src=\"https:\/\/coidauraterra.com\/wp-content\/uploads\/2025\/11\/icon-3.webp\" alt=\"\" class=\"uag-image-105\" width=\"256\" height=\"256\" title=\"icon-3\" loading=\"lazy\" role=\"img\"\/><\/figure><\/div>\n\n\n\n<div class=\"wp-block-group has-accent-2-color has-accent-3-background-color has-text-color has-background has-link-color wp-elements-cf533187e85d1f1679bd3375c01fec9a is-vertical is-content-justification-center is-layout-flex wp-container-core-group-is-layout-ce155fab wp-block-group-is-layout-flex\" style=\"min-height:22em\">\n<h2 class=\"wp-block-heading has-text-align-center\" style=\"margin-top:var(--wp--preset--spacing--50);padding-top:0\"><strong>Passion for Sustainability<\/strong><\/h2>\n\n\n\n<p class=\"has-text-align-center\" style=\"padding-right:var(--wp--preset--spacing--30);padding-left:var(--wp--preset--spacing--30)\">We do not simply promote responsible practices\u2014we live them with passion.<br>We strive for every project to deliver a tangible and positive impact on people\u2019s lives, dedicating ourselves with enthusiasm to creating positive change in our environment.<\/p>\n<\/div>\n<\/div>\n\n\n\n<div class=\"wp-block-group is-vertical is-layout-flex wp-container-core-group-is-layout-fe9cc265 wp-block-group-is-layout-flex\">\n<div class=\"wp-block-uagb-image aligncenter uagb-block-d42cb845 wp-block-uagb-image--layout-default wp-block-uagb-image--effect-static wp-block-uagb-image--align-center value-icon\"><figure class=\"wp-block-uagb-image__figure\"><img decoding=\"async\" srcset=\"https:\/\/coidauraterra.com\/wp-content\/uploads\/2025\/11\/icon-4.webp ,https:\/\/coidauraterra.com\/wp-content\/uploads\/2025\/11\/icon-4.webp 780w, https:\/\/coidauraterra.com\/wp-content\/uploads\/2025\/11\/icon-4.webp 360w\" sizes=\"auto, (max-width: 480px) 150px\" src=\"https:\/\/coidauraterra.com\/wp-content\/uploads\/2025\/11\/icon-4.webp\" alt=\"\" class=\"uag-image-106\" width=\"256\" height=\"256\" title=\"icon-4\" loading=\"lazy\" role=\"img\"\/><\/figure><\/div>\n\n\n\n<div class=\"wp-block-group has-accent-2-color has-accent-3-background-color has-text-color has-background has-link-color wp-elements-4049d5e0165c7e0b818c472abd992a9e is-vertical is-content-justification-center is-layout-flex wp-container-core-group-is-layout-ce155fab wp-block-group-is-layout-flex\" style=\"min-height:22em\">\n<h2 class=\"wp-block-heading has-text-align-center\" style=\"margin-top:var(--wp--preset--spacing--50);padding-top:0\"><strong>Responsibility and Excellence<\/strong><\/h2>\n\n\n\n<p class=\"has-text-align-center\" style=\"padding-right:var(--wp--preset--spacing--30);padding-left:var(--wp--preset--spacing--30)\">We commit our knowledge and effort to delivering solutions that exceed expectations, ensuring that every project reflects quality, responsibility, and a positive impact for our clients and their surroundings.<\/p>\n<\/div>\n<\/div>\n<\/div>\n<\/div><\/div>","protected":false},"excerpt":{"rendered":"<p>Misi\u00f3n Impulsamos soluciones de sostenibilidad que se integran de forma natural en la operaci\u00f3n y cultura de nuestros clientes, promoviendo una relaci\u00f3n armoniosa entre las personas y su entorno desde una perspectiva de derechos humanos. Visi\u00f3n Ser el socio que transforma la manera en que se percibe la seguridad y la sustentabilidad, impulsando acciones que [&hellip;]<\/p>\n","protected":false},"author":1,"featured_media":0,"parent":0,"menu_order":0,"comment_status":"closed","ping_status":"closed","template":"page-no-title","meta":{"_uag_custom_page_level_css":".value-icon {\n\tbackground-color: #042a00;\n\tborder-radius: 2em;\n\tpadding: 0.5em;\n}\n\n.value-icon img {\n\t\n}","footnotes":""},"class_list":["post-67","page","type-page","status-publish","hentry"],"yoast_head":"<!-- This site is optimized with the Yoast SEO plugin v26.9 - https:\/\/yoast.com\/product\/yoast-seo-wordpress\/ -->\n<title>Qui\u00e9nes somos - Coidaura Terra<\/title>\n<meta name=\"robots\" content=\"index, follow, max-snippet:-1, max-image-preview:large, max-video-preview:-1\" \/>\n<link rel=\"canonical\" href=\"https:\/\/coidauraterra.com\/en\/quienes-somos\/\" \/>\n<meta property=\"og:locale\" content=\"en_US\" \/>\n<meta property=\"og:type\" content=\"article\" \/>\n<meta property=\"og:title\" content=\"Qui\u00e9nes somos - Coidaura Terra\" \/>\n<meta property=\"og:description\" content=\"Misi\u00f3n Impulsamos soluciones de sostenibilidad que se integran de forma natural en la operaci\u00f3n y cultura de nuestros clientes, promoviendo una relaci\u00f3n armoniosa entre las personas y su entorno desde una perspectiva de derechos humanos. Visi\u00f3n Ser el socio que transforma la manera en que se percibe la seguridad y la sustentabilidad, impulsando acciones que [&hellip;]\" \/>\n<meta property=\"og:url\" content=\"https:\/\/coidauraterra.com\/en\/quienes-somos\/\" \/>\n<meta property=\"og:site_name\" content=\"Coidaura Terra\" \/>\n<meta property=\"article:modified_time\" content=\"2025-12-15T09:51:55+00:00\" \/>\n<meta property=\"og:image\" content=\"https:\/\/coidauraterra.com\/wp-content\/uploads\/2025\/12\/quienes-somos-mision-1024x554.webp\" \/>\n<meta name=\"twitter:card\" content=\"summary_large_image\" \/>\n<meta name=\"twitter:label1\" content=\"Est. reading time\" \/>\n\t<meta name=\"twitter:data1\" content=\"3 minutes\" \/>\n<script type=\"application\/ld+json\" class=\"yoast-schema-graph\">{\"@context\":\"https:\/\/schema.org\",\"@graph\":[{\"@type\":\"WebPage\",\"@id\":\"https:\/\/coidauraterra.com\/quienes-somos\/\",\"url\":\"https:\/\/coidauraterra.com\/quienes-somos\/\",\"name\":\"Qui\u00e9nes somos - Coidaura Terra\",\"isPartOf\":{\"@id\":\"https:\/\/coidauraterra.com\/#website\"},\"primaryImageOfPage\":{\"@id\":\"https:\/\/coidauraterra.com\/quienes-somos\/#primaryimage\"},\"image\":{\"@id\":\"https:\/\/coidauraterra.com\/quienes-somos\/#primaryimage\"},\"thumbnailUrl\":\"https:\/\/coidauraterra.com\/wp-content\/uploads\/2025\/12\/quienes-somos-mision-1024x554.webp\",\"datePublished\":\"2025-11-14T09:15:39+00:00\",\"dateModified\":\"2025-12-15T09:51:55+00:00\",\"breadcrumb\":{\"@id\":\"https:\/\/coidauraterra.com\/quienes-somos\/#breadcrumb\"},\"inLanguage\":\"en-US\",\"potentialAction\":[{\"@type\":\"ReadAction\",\"target\":[\"https:\/\/coidauraterra.com\/quienes-somos\/\"]}]},{\"@type\":\"ImageObject\",\"inLanguage\":\"en-US\",\"@id\":\"https:\/\/coidauraterra.com\/quienes-somos\/#primaryimage\",\"url\":\"https:\/\/coidauraterra.com\/wp-content\/uploads\/2025\/12\/quienes-somos-mision-1024x554.webp\",\"contentUrl\":\"https:\/\/coidauraterra.com\/wp-content\/uploads\/2025\/12\/quienes-somos-mision-1024x554.webp\"},{\"@type\":\"BreadcrumbList\",\"@id\":\"https:\/\/coidauraterra.com\/quienes-somos\/#breadcrumb\",\"itemListElement\":[{\"@type\":\"ListItem\",\"position\":1,\"name\":\"Home\",\"item\":\"https:\/\/coidauraterra.com\/\"},{\"@type\":\"ListItem\",\"position\":2,\"name\":\"Qui\u00e9nes somos\"}]},{\"@type\":\"WebSite\",\"@id\":\"https:\/\/coidauraterra.com\/#website\",\"url\":\"https:\/\/coidauraterra.com\/\",\"name\":\"Coidaura Terra\",\"description\":\"Seguridad &amp; Sostenibilidad\",\"publisher\":{\"@id\":\"https:\/\/coidauraterra.com\/#organization\"},\"potentialAction\":[{\"@type\":\"SearchAction\",\"target\":{\"@type\":\"EntryPoint\",\"urlTemplate\":\"https:\/\/coidauraterra.com\/?s={search_term_string}\"},\"query-input\":{\"@type\":\"PropertyValueSpecification\",\"valueRequired\":true,\"valueName\":\"search_term_string\"}}],\"inLanguage\":\"en-US\"},{\"@type\":\"Organization\",\"@id\":\"https:\/\/coidauraterra.com\/#organization\",\"name\":\"Coidaura Terra\",\"url\":\"https:\/\/coidauraterra.com\/\",\"logo\":{\"@type\":\"ImageObject\",\"inLanguage\":\"en-US\",\"@id\":\"https:\/\/coidauraterra.com\/#\/schema\/logo\/image\/\",\"url\":\"https:\/\/coidauraterra.com\/wp-content\/uploads\/2025\/11\/logo.webp\",\"contentUrl\":\"https:\/\/coidauraterra.com\/wp-content\/uploads\/2025\/11\/logo.webp\",\"width\":1903,\"height\":510,\"caption\":\"Coidaura Terra\"},\"image\":{\"@id\":\"https:\/\/coidauraterra.com\/#\/schema\/logo\/image\/\"}}]}<\/script>\n<!-- \/ Yoast SEO plugin. -->","yoast_head_json":{"title":"Qui\u00e9nes somos - Coidaura Terra","robots":{"index":"index","follow":"follow","max-snippet":"max-snippet:-1","max-image-preview":"max-image-preview:large","max-video-preview":"max-video-preview:-1"},"canonical":"https:\/\/coidauraterra.com\/en\/quienes-somos\/","og_locale":"en_US","og_type":"article","og_title":"Qui\u00e9nes somos - Coidaura Terra","og_description":"Misi\u00f3n Impulsamos soluciones de sostenibilidad que se integran de forma natural en la operaci\u00f3n y cultura de nuestros clientes, promoviendo una relaci\u00f3n armoniosa entre las personas y su entorno desde una perspectiva de derechos humanos. Visi\u00f3n Ser el socio que transforma la manera en que se percibe la seguridad y la sustentabilidad, impulsando acciones que [&hellip;]","og_url":"https:\/\/coidauraterra.com\/en\/quienes-somos\/","og_site_name":"Coidaura Terra","article_modified_time":"2025-12-15T09:51:55+00:00","og_image":[{"url":"https:\/\/coidauraterra.com\/wp-content\/uploads\/2025\/12\/quienes-somos-mision-1024x554.webp","type":"","width":"","height":""}],"twitter_card":"summary_large_image","twitter_misc":{"Est. reading time":"3 minutes"},"schema":{"@context":"https:\/\/schema.org","@graph":[{"@type":"WebPage","@id":"https:\/\/coidauraterra.com\/quienes-somos\/","url":"https:\/\/coidauraterra.com\/quienes-somos\/","name":"Qui\u00e9nes somos - Coidaura Terra","isPartOf":{"@id":"https:\/\/coidauraterra.com\/#website"},"primaryImageOfPage":{"@id":"https:\/\/coidauraterra.com\/quienes-somos\/#primaryimage"},"image":{"@id":"https:\/\/coidauraterra.com\/quienes-somos\/#primaryimage"},"thumbnailUrl":"https:\/\/coidauraterra.com\/wp-content\/uploads\/2025\/12\/quienes-somos-mision-1024x554.webp","datePublished":"2025-11-14T09:15:39+00:00","dateModified":"2025-12-15T09:51:55+00:00","breadcrumb":{"@id":"https:\/\/coidauraterra.com\/quienes-somos\/#breadcrumb"},"inLanguage":"en-US","potentialAction":[{"@type":"ReadAction","target":["https:\/\/coidauraterra.com\/quienes-somos\/"]}]},{"@type":"ImageObject","inLanguage":"en-US","@id":"https:\/\/coidauraterra.com\/quienes-somos\/#primaryimage","url":"https:\/\/coidauraterra.com\/wp-content\/uploads\/2025\/12\/quienes-somos-mision-1024x554.webp","contentUrl":"https:\/\/coidauraterra.com\/wp-content\/uploads\/2025\/12\/quienes-somos-mision-1024x554.webp"},{"@type":"BreadcrumbList","@id":"https:\/\/coidauraterra.com\/quienes-somos\/#breadcrumb","itemListElement":[{"@type":"ListItem","position":1,"name":"Home","item":"https:\/\/coidauraterra.com\/"},{"@type":"ListItem","position":2,"name":"Qui\u00e9nes somos"}]},{"@type":"WebSite","@id":"https:\/\/coidauraterra.com\/#website","url":"https:\/\/coidauraterra.com\/","name":"Coidaura Terra","description":"Security and Sustainability","publisher":{"@id":"https:\/\/coidauraterra.com\/#organization"},"potentialAction":[{"@type":"SearchAction","target":{"@type":"EntryPoint","urlTemplate":"https:\/\/coidauraterra.com\/?s={search_term_string}"},"query-input":{"@type":"PropertyValueSpecification","valueRequired":true,"valueName":"search_term_string"}}],"inLanguage":"en-US"},{"@type":"Organization","@id":"https:\/\/coidauraterra.com\/#organization","name":"Coidaura Terra","url":"https:\/\/coidauraterra.com\/","logo":{"@type":"ImageObject","inLanguage":"en-US","@id":"https:\/\/coidauraterra.com\/#\/schema\/logo\/image\/","url":"https:\/\/coidauraterra.com\/wp-content\/uploads\/2025\/11\/logo.webp","contentUrl":"https:\/\/coidauraterra.com\/wp-content\/uploads\/2025\/11\/logo.webp","width":1903,"height":510,"caption":"Coidaura Terra"},"image":{"@id":"https:\/\/coidauraterra.com\/#\/schema\/logo\/image\/"}}]}},"uagb_featured_image_src":{"full":false,"thumbnail":false,"medium":false,"medium_large":false,"large":false,"1536x1536":false,"2048x2048":false,"trp-custom-language-flag":false},"uagb_author_info":{"display_name":"Orachi","author_link":"https:\/\/coidauraterra.com\/en\/author\/leon-codefix\/"},"uagb_comment_info":0,"uagb_excerpt":"Misi\u00f3n Impulsamos soluciones de sostenibilidad que se integran de forma natural en la operaci\u00f3n y cultura de nuestros clientes, promoviendo una relaci\u00f3n armoniosa entre las personas y su entorno desde una perspectiva de derechos humanos. Visi\u00f3n Ser el socio que transforma la manera en que se percibe la seguridad y la sustentabilidad, impulsando acciones que&hellip;","_links":{"self":[{"href":"https:\/\/coidauraterra.com\/en\/wp-json\/wp\/v2\/pages\/67","targetHints":{"allow":["GET"]}}],"collection":[{"href":"https:\/\/coidauraterra.com\/en\/wp-json\/wp\/v2\/pages"}],"about":[{"href":"https:\/\/coidauraterra.com\/en\/wp-json\/wp\/v2\/types\/page"}],"author":[{"embeddable":true,"href":"https:\/\/coidauraterra.com\/en\/wp-json\/wp\/v2\/users\/1"}],"replies":[{"embeddable":true,"href":"https:\/\/coidauraterra.com\/en\/wp-json\/wp\/v2\/comments?post=67"}],"version-history":[{"count":31,"href":"https:\/\/coidauraterra.com\/en\/wp-json\/wp\/v2\/pages\/67\/revisions"}],"predecessor-version":[{"id":435,"href":"https:\/\/coidauraterra.com\/en\/wp-json\/wp\/v2\/pages\/67\/revisions\/435"}],"wp:attachment":[{"href":"https:\/\/coidauraterra.com\/en\/wp-json\/wp\/v2\/media?parent=67"}],"curies":[{"name":"wp","href":"https:\/\/api.w.org\/{rel}","templated":true}]}}