{"id":75,"date":"2025-11-14T03:24:02","date_gmt":"2025-11-14T09:24:02","guid":{"rendered":"https:\/\/coidauraterra.com\/?page_id=75"},"modified":"2025-12-19T14:33:33","modified_gmt":"2025-12-19T20:33:33","slug":"comunicacion-y-relaciones-publicas","status":"publish","type":"page","link":"https:\/\/coidauraterra.com\/en\/servicios\/comunicacion-y-relaciones-publicas\/","title":{"rendered":"Communication and Public Relations"},"content":{"rendered":"<div class=\"wp-block-uagb-container uagb-block-6e796017 alignfull uagb-is-root-container\"><div class=\"uagb-container-inner-blocks-wrap\">\n<div class=\"wp-block-uagb-container uagb-block-5842e8a5\">\n<div class=\"wp-block-group is-vertical is-layout-flex wp-container-core-group-is-layout-fe9cc265 wp-block-group-is-layout-flex\">\n<div style=\"height:0px\" aria-hidden=\"true\" class=\"wp-block-spacer wp-container-content-ae5b6004\"><\/div>\n\n\n\n<h2 class=\"wp-block-heading has-base-color has-text-color has-link-color wp-elements-83179aac7fca430668d9b63af9844779\" style=\"margin-bottom:var(--wp--preset--spacing--50)\"><strong>Communication and Public Relations<\/strong><\/h2>\n<\/div>\n<\/div>\n<\/div><\/div>\n\n\n\n<div class=\"wp-block-uagb-container temas uagb-block-e8ebd063 alignfull uagb-is-root-container\"><div class=\"uagb-container-inner-blocks-wrap\">\n<div class=\"wp-block-uagb-container uagb-layout-grid uagb-block-27e9651d\">\n<div class=\"wp-block-group tema is-vertical is-layout-flex wp-container-core-group-is-layout-fe9cc265 wp-block-group-is-layout-flex\">\n<h3 class=\"wp-block-heading has-base-color has-accent-2-background-color has-text-color has-background has-link-color wp-elements-7c3f48b85f931f3fa0911dc6cd2c5a2c\"><strong>Sustainability communication strategies<\/strong><\/h3>\n\n\n\n<p class=\"has-base-color has-text-color has-background has-link-color wp-elements-038c798992e259213f6724fcae4db0cd wp-container-content-9cfa9a5a\" style=\"background-color:#3c5536\">Design of campaigns that promote the company\u2019s positive image, highlighting its efforts in sustainability and social responsibility.<\/p>\n<\/div>\n\n\n\n<div class=\"wp-block-group tema is-vertical is-layout-flex wp-container-core-group-is-layout-fe9cc265 wp-block-group-is-layout-flex\">\n<h3 class=\"wp-block-heading has-accent-2-color has-accent-3-background-color has-text-color has-background has-link-color wp-elements-ef4a97a2365a3feb231fae76c8ee83b8\"><strong>Public Relations and Crisis Management<\/strong><\/h3>\n\n\n\n<p class=\"has-accent-2-color has-text-color has-background has-link-color wp-elements-8c6b93435c707ce0cd93e863ea9d64c4 wp-container-content-9cfa9a5a\" style=\"background-color:#dee0d1\">Advisory on handling crisis situations related to sustainability or social impacts, minimizing negative effects on reputation.<\/p>\n<\/div>\n\n\n\n<div class=\"wp-block-group tema is-vertical is-layout-flex wp-container-core-group-is-layout-fe9cc265 wp-block-group-is-layout-flex\">\n<h3 class=\"wp-block-heading has-accent-2-color has-accent-1-background-color has-text-color has-background has-link-color wp-elements-a58120e651186b8bae6f75d9c12bdaef\"><strong>Assistance to authorities, businesses, and civil organizations<\/strong><\/h3>\n\n\n\n<p class=\"has-accent-2-color has-text-color has-background has-link-color wp-elements-db22f89252ba9682213fe185c15615b3 wp-container-content-9cfa9a5a\" style=\"background-color:#e9c886\">Advisory on regional or national sustainability programs and projects, impact assessments of sustainability initiatives, and facilitation of dialogue and collaboration among different stakeholders (government, industry, civil society).<\/p>\n<\/div>\n<\/div>\n<\/div><\/div>","protected":false},"excerpt":{"rendered":"<p>Comunicaci\u00f3n y relaciones p\u00fablicas Estrategias de comunicaci\u00f3n de sostenibilidad Dise\u00f1o de campa\u00f1as que promuevan la imagen positiva de la empresa, destacando sus esfuerzos en sostenibilidad y compromiso social. Relaciones p\u00fablicas y gesti\u00f3n de crisis Asesoramiento para manejar situaciones de crisis relacionadas con sostenibilidad o impactos sociales, minimizando efectos negativos en la reputaci\u00f3n. Asistencia a autoridades, [&hellip;]<\/p>\n","protected":false},"author":1,"featured_media":0,"parent":69,"menu_order":0,"comment_status":"closed","ping_status":"closed","template":"page-no-title","meta":{"_uag_custom_page_level_css":"","footnotes":""},"class_list":["post-75","page","type-page","status-publish","hentry"],"yoast_head":"<!-- This site is optimized with the Yoast SEO plugin v26.9 - https:\/\/yoast.com\/product\/yoast-seo-wordpress\/ -->\n<title>Comunicaci\u00f3n y relaciones p\u00fablicas - Coidaura Terra<\/title>\n<meta name=\"robots\" content=\"index, follow, max-snippet:-1, max-image-preview:large, max-video-preview:-1\" \/>\n<link rel=\"canonical\" href=\"https:\/\/coidauraterra.com\/en\/servicios\/comunicacion-y-relaciones-publicas\/\" \/>\n<meta property=\"og:locale\" content=\"en_US\" \/>\n<meta property=\"og:type\" content=\"article\" \/>\n<meta property=\"og:title\" content=\"Comunicaci\u00f3n y relaciones p\u00fablicas - Coidaura Terra\" \/>\n<meta property=\"og:description\" content=\"Comunicaci\u00f3n y relaciones p\u00fablicas Estrategias de comunicaci\u00f3n de sostenibilidad Dise\u00f1o de campa\u00f1as que promuevan la imagen positiva de la empresa, destacando sus esfuerzos en sostenibilidad y compromiso social. Relaciones p\u00fablicas y gesti\u00f3n de crisis Asesoramiento para manejar situaciones de crisis relacionadas con sostenibilidad o impactos sociales, minimizando efectos negativos en la reputaci\u00f3n. Asistencia a autoridades, [&hellip;]\" \/>\n<meta property=\"og:url\" content=\"https:\/\/coidauraterra.com\/en\/servicios\/comunicacion-y-relaciones-publicas\/\" \/>\n<meta property=\"og:site_name\" content=\"Coidaura Terra\" \/>\n<meta property=\"article:modified_time\" content=\"2025-12-19T20:33:33+00:00\" \/>\n<meta name=\"twitter:card\" content=\"summary_large_image\" \/>\n<meta name=\"twitter:label1\" content=\"Est. reading time\" \/>\n\t<meta name=\"twitter:data1\" content=\"1 minute\" \/>\n<script type=\"application\/ld+json\" class=\"yoast-schema-graph\">{\"@context\":\"https:\/\/schema.org\",\"@graph\":[{\"@type\":\"WebPage\",\"@id\":\"https:\/\/coidauraterra.com\/servicios\/comunicacion-y-relaciones-publicas\/\",\"url\":\"https:\/\/coidauraterra.com\/servicios\/comunicacion-y-relaciones-publicas\/\",\"name\":\"Comunicaci\u00f3n y relaciones p\u00fablicas - Coidaura Terra\",\"isPartOf\":{\"@id\":\"https:\/\/coidauraterra.com\/#website\"},\"datePublished\":\"2025-11-14T09:24:02+00:00\",\"dateModified\":\"2025-12-19T20:33:33+00:00\",\"breadcrumb\":{\"@id\":\"https:\/\/coidauraterra.com\/servicios\/comunicacion-y-relaciones-publicas\/#breadcrumb\"},\"inLanguage\":\"en-US\",\"potentialAction\":[{\"@type\":\"ReadAction\",\"target\":[\"https:\/\/coidauraterra.com\/servicios\/comunicacion-y-relaciones-publicas\/\"]}]},{\"@type\":\"BreadcrumbList\",\"@id\":\"https:\/\/coidauraterra.com\/servicios\/comunicacion-y-relaciones-publicas\/#breadcrumb\",\"itemListElement\":[{\"@type\":\"ListItem\",\"position\":1,\"name\":\"Home\",\"item\":\"https:\/\/coidauraterra.com\/\"},{\"@type\":\"ListItem\",\"position\":2,\"name\":\"Servicios\",\"item\":\"https:\/\/coidauraterra.com\/servicios\/\"},{\"@type\":\"ListItem\",\"position\":3,\"name\":\"Comunicaci\u00f3n y relaciones p\u00fablicas\"}]},{\"@type\":\"WebSite\",\"@id\":\"https:\/\/coidauraterra.com\/#website\",\"url\":\"https:\/\/coidauraterra.com\/\",\"name\":\"Coidaura Terra\",\"description\":\"Seguridad &amp; Sostenibilidad\",\"publisher\":{\"@id\":\"https:\/\/coidauraterra.com\/#organization\"},\"potentialAction\":[{\"@type\":\"SearchAction\",\"target\":{\"@type\":\"EntryPoint\",\"urlTemplate\":\"https:\/\/coidauraterra.com\/?s={search_term_string}\"},\"query-input\":{\"@type\":\"PropertyValueSpecification\",\"valueRequired\":true,\"valueName\":\"search_term_string\"}}],\"inLanguage\":\"en-US\"},{\"@type\":\"Organization\",\"@id\":\"https:\/\/coidauraterra.com\/#organization\",\"name\":\"Coidaura Terra\",\"url\":\"https:\/\/coidauraterra.com\/\",\"logo\":{\"@type\":\"ImageObject\",\"inLanguage\":\"en-US\",\"@id\":\"https:\/\/coidauraterra.com\/#\/schema\/logo\/image\/\",\"url\":\"https:\/\/coidauraterra.com\/wp-content\/uploads\/2025\/11\/logo.webp\",\"contentUrl\":\"https:\/\/coidauraterra.com\/wp-content\/uploads\/2025\/11\/logo.webp\",\"width\":1903,\"height\":510,\"caption\":\"Coidaura Terra\"},\"image\":{\"@id\":\"https:\/\/coidauraterra.com\/#\/schema\/logo\/image\/\"}}]}<\/script>\n<!-- \/ Yoast SEO plugin. -->","yoast_head_json":{"title":"Comunicaci\u00f3n y relaciones p\u00fablicas - Coidaura Terra","robots":{"index":"index","follow":"follow","max-snippet":"max-snippet:-1","max-image-preview":"max-image-preview:large","max-video-preview":"max-video-preview:-1"},"canonical":"https:\/\/coidauraterra.com\/en\/servicios\/comunicacion-y-relaciones-publicas\/","og_locale":"en_US","og_type":"article","og_title":"Comunicaci\u00f3n y relaciones p\u00fablicas - Coidaura Terra","og_description":"Comunicaci\u00f3n y relaciones p\u00fablicas Estrategias de comunicaci\u00f3n de sostenibilidad Dise\u00f1o de campa\u00f1as que promuevan la imagen positiva de la empresa, destacando sus esfuerzos en sostenibilidad y compromiso social. Relaciones p\u00fablicas y gesti\u00f3n de crisis Asesoramiento para manejar situaciones de crisis relacionadas con sostenibilidad o impactos sociales, minimizando efectos negativos en la reputaci\u00f3n. Asistencia a autoridades, [&hellip;]","og_url":"https:\/\/coidauraterra.com\/en\/servicios\/comunicacion-y-relaciones-publicas\/","og_site_name":"Coidaura Terra","article_modified_time":"2025-12-19T20:33:33+00:00","twitter_card":"summary_large_image","twitter_misc":{"Est. reading time":"1 minute"},"schema":{"@context":"https:\/\/schema.org","@graph":[{"@type":"WebPage","@id":"https:\/\/coidauraterra.com\/servicios\/comunicacion-y-relaciones-publicas\/","url":"https:\/\/coidauraterra.com\/servicios\/comunicacion-y-relaciones-publicas\/","name":"Comunicaci\u00f3n y relaciones p\u00fablicas - Coidaura Terra","isPartOf":{"@id":"https:\/\/coidauraterra.com\/#website"},"datePublished":"2025-11-14T09:24:02+00:00","dateModified":"2025-12-19T20:33:33+00:00","breadcrumb":{"@id":"https:\/\/coidauraterra.com\/servicios\/comunicacion-y-relaciones-publicas\/#breadcrumb"},"inLanguage":"en-US","potentialAction":[{"@type":"ReadAction","target":["https:\/\/coidauraterra.com\/servicios\/comunicacion-y-relaciones-publicas\/"]}]},{"@type":"BreadcrumbList","@id":"https:\/\/coidauraterra.com\/servicios\/comunicacion-y-relaciones-publicas\/#breadcrumb","itemListElement":[{"@type":"ListItem","position":1,"name":"Home","item":"https:\/\/coidauraterra.com\/"},{"@type":"ListItem","position":2,"name":"Servicios","item":"https:\/\/coidauraterra.com\/servicios\/"},{"@type":"ListItem","position":3,"name":"Comunicaci\u00f3n y relaciones p\u00fablicas"}]},{"@type":"WebSite","@id":"https:\/\/coidauraterra.com\/#website","url":"https:\/\/coidauraterra.com\/","name":"Coidaura Terra","description":"Security and Sustainability","publisher":{"@id":"https:\/\/coidauraterra.com\/#organization"},"potentialAction":[{"@type":"SearchAction","target":{"@type":"EntryPoint","urlTemplate":"https:\/\/coidauraterra.com\/?s={search_term_string}"},"query-input":{"@type":"PropertyValueSpecification","valueRequired":true,"valueName":"search_term_string"}}],"inLanguage":"en-US"},{"@type":"Organization","@id":"https:\/\/coidauraterra.com\/#organization","name":"Coidaura Terra","url":"https:\/\/coidauraterra.com\/","logo":{"@type":"ImageObject","inLanguage":"en-US","@id":"https:\/\/coidauraterra.com\/#\/schema\/logo\/image\/","url":"https:\/\/coidauraterra.com\/wp-content\/uploads\/2025\/11\/logo.webp","contentUrl":"https:\/\/coidauraterra.com\/wp-content\/uploads\/2025\/11\/logo.webp","width":1903,"height":510,"caption":"Coidaura Terra"},"image":{"@id":"https:\/\/coidauraterra.com\/#\/schema\/logo\/image\/"}}]}},"uagb_featured_image_src":{"full":false,"thumbnail":false,"medium":false,"medium_large":false,"large":false,"1536x1536":false,"2048x2048":false,"trp-custom-language-flag":false},"uagb_author_info":{"display_name":"Orachi","author_link":"https:\/\/coidauraterra.com\/en\/author\/leon-codefix\/"},"uagb_comment_info":0,"uagb_excerpt":"Comunicaci\u00f3n y relaciones p\u00fablicas Estrategias de comunicaci\u00f3n de sostenibilidad Dise\u00f1o de campa\u00f1as que promuevan la imagen positiva de la empresa, destacando sus esfuerzos en sostenibilidad y compromiso social. Relaciones p\u00fablicas y gesti\u00f3n de crisis Asesoramiento para manejar situaciones de crisis relacionadas con sostenibilidad o impactos sociales, minimizando efectos negativos en la reputaci\u00f3n. Asistencia a autoridades,&hellip;","_links":{"self":[{"href":"https:\/\/coidauraterra.com\/en\/wp-json\/wp\/v2\/pages\/75","targetHints":{"allow":["GET"]}}],"collection":[{"href":"https:\/\/coidauraterra.com\/en\/wp-json\/wp\/v2\/pages"}],"about":[{"href":"https:\/\/coidauraterra.com\/en\/wp-json\/wp\/v2\/types\/page"}],"author":[{"embeddable":true,"href":"https:\/\/coidauraterra.com\/en\/wp-json\/wp\/v2\/users\/1"}],"replies":[{"embeddable":true,"href":"https:\/\/coidauraterra.com\/en\/wp-json\/wp\/v2\/comments?post=75"}],"version-history":[{"count":11,"href":"https:\/\/coidauraterra.com\/en\/wp-json\/wp\/v2\/pages\/75\/revisions"}],"predecessor-version":[{"id":712,"href":"https:\/\/coidauraterra.com\/en\/wp-json\/wp\/v2\/pages\/75\/revisions\/712"}],"up":[{"embeddable":true,"href":"https:\/\/coidauraterra.com\/en\/wp-json\/wp\/v2\/pages\/69"}],"wp:attachment":[{"href":"https:\/\/coidauraterra.com\/en\/wp-json\/wp\/v2\/media?parent=75"}],"curies":[{"name":"wp","href":"https:\/\/api.w.org\/{rel}","templated":true}]}}