{"id":77,"date":"2025-11-14T03:23:36","date_gmt":"2025-11-14T09:23:36","guid":{"rendered":"https:\/\/coidauraterra.com\/?page_id=77"},"modified":"2025-12-16T13:15:59","modified_gmt":"2025-12-16T19:15:59","slug":"formacion-estrategica","status":"publish","type":"page","link":"https:\/\/coidauraterra.com\/en\/servicios\/formacion-estrategica\/","title":{"rendered":"Strategic Training"},"content":{"rendered":"<div class=\"wp-block-uagb-container uagb-block-6e796017 alignfull uagb-is-root-container\"><div class=\"uagb-container-inner-blocks-wrap\">\n<div class=\"wp-block-uagb-container uagb-block-5842e8a5\">\n<div class=\"wp-block-group is-vertical is-layout-flex wp-container-core-group-is-layout-fe9cc265 wp-block-group-is-layout-flex\">\n<div style=\"height:0px\" aria-hidden=\"true\" class=\"wp-block-spacer wp-container-content-ae5b6004\"><\/div>\n\n\n\n<h2 class=\"wp-block-heading has-base-color has-text-color has-link-color wp-elements-5c399b5b67fae05af5ab51ba635881ae\" style=\"margin-bottom:var(--wp--preset--spacing--50)\"><strong>Strategic Training<\/strong><\/h2>\n<\/div>\n<\/div>\n<\/div><\/div>\n\n\n\n<div class=\"wp-block-uagb-container temas uagb-block-e8ebd063 alignfull uagb-is-root-container\"><div class=\"uagb-container-inner-blocks-wrap\">\n<div class=\"wp-block-uagb-container uagb-layout-grid uagb-block-27e9651d\">\n<div class=\"wp-block-group tema is-vertical is-layout-flex wp-container-core-group-is-layout-fe9cc265 wp-block-group-is-layout-flex\">\n<h3 class=\"wp-block-heading has-base-color has-accent-2-background-color has-text-color has-background has-link-color wp-elements-bc1a4b8af61898ddbc72b7e3d95d146c\"><strong>Sustainability training<\/strong><\/h3>\n\n\n\n<p class=\"has-base-color has-text-color has-background has-link-color wp-elements-fe2feae172e8e2cec744cfb10aabcfdd wp-container-content-9cfa9a5a\" style=\"background-color:#3c5536\">Training programs for executives, project leaders, suppliers, contractors, and employees on sustainability topics, including circular economy, sustainable development, resource management, sustainability reporting, and more.<\/p>\n<\/div>\n\n\n\n<div class=\"wp-block-group tema is-vertical is-layout-flex wp-container-core-group-is-layout-fe9cc265 wp-block-group-is-layout-flex\">\n<h3 class=\"wp-block-heading has-accent-2-color has-accent-3-background-color has-text-color has-background has-link-color wp-elements-8b36bd64221b67c3f93c8933454d759f\"><strong>Awareness on Diversity and Inclusion<\/strong><\/h3>\n\n\n\n<p class=\"has-accent-2-color has-text-color has-background has-link-color wp-elements-cb8629d42764181b1be539fe6f355f46 wp-container-content-9cfa9a5a\" style=\"background-color:#dee0d1\">Workshops and educational programs on the importance of gender diversity and inclusion in industrial sectors, promoting the active participation of women.<\/p>\n<\/div>\n\n\n\n<div class=\"wp-block-group tema is-vertical is-layout-flex wp-container-core-group-is-layout-fe9cc265 wp-block-group-is-layout-flex\">\n<h3 class=\"wp-block-heading has-accent-2-color has-accent-1-background-color has-text-color has-background has-link-color wp-elements-f8247ff0907fd34173c67bfec9afe8b6\"><strong>Training on standards and regulations<\/strong><\/h3>\n\n\n\n<p class=\"has-accent-2-color has-text-color has-background has-link-color wp-elements-dc60620b4f2d4a50d7a45b9aaa5e49d2 wp-container-content-9cfa9a5a\" style=\"background-color:#e9c886\">Training on regulations affecting industries, helping companies stay up-to-date with regulatory changes in safety, environment, and sustainability.<\/p>\n<\/div>\n\n\n\n<div class=\"wp-block-group tema is-vertical is-layout-flex wp-container-core-group-is-layout-fe9cc265 wp-block-group-is-layout-flex\">\n<h3 class=\"wp-block-heading has-base-color has-accent-2-background-color has-text-color has-background has-link-color wp-elements-d08a6440a5ff8353ab919c0443f1b0ae\"><strong>Training in leadership, safety, and hygiene<\/strong><\/h3>\n\n\n\n<p class=\"has-base-color has-text-color has-background has-link-color wp-elements-47a03fb81a127de49b2e21b89fc63ed5 wp-container-content-9cfa9a5a\" style=\"background-color:#3c5536\">Courses aimed at strengthening individual competencies to improve performance, as well as in risk management, management systems, and specific risks related to safety, hygiene, and the environment.<\/p>\n<\/div>\n<\/div>\n<\/div><\/div>","protected":false},"excerpt":{"rendered":"<p>Formaci\u00f3n estrat\u00e9gica Formaci\u00f3n en sostenibilidad Programas de capacitaci\u00f3n para ejecutivos, l\u00edderes de proyecto, proveedores, contratistas y empleados en temas de sostenibilidad, incluyendo econom\u00eda circular, desarrollo sostenible, gesti\u00f3n de recursos, reportes de sostenibilidad, entre otros. Sensibilizaci\u00f3n en diversidad e inclusi\u00f3n Talleres y programas educativos sobre la importancia de la diversidad de g\u00e9nero y la inclusi\u00f3n en [&hellip;]<\/p>\n","protected":false},"author":1,"featured_media":0,"parent":69,"menu_order":0,"comment_status":"closed","ping_status":"closed","template":"page-no-title","meta":{"_uag_custom_page_level_css":"","footnotes":""},"class_list":["post-77","page","type-page","status-publish","hentry"],"yoast_head":"<!-- This site is optimized with the Yoast SEO plugin v26.9 - https:\/\/yoast.com\/product\/yoast-seo-wordpress\/ -->\n<title>Formaci\u00f3n estrat\u00e9gica - Coidaura Terra<\/title>\n<meta name=\"robots\" content=\"index, follow, max-snippet:-1, max-image-preview:large, max-video-preview:-1\" \/>\n<link rel=\"canonical\" href=\"https:\/\/coidauraterra.com\/en\/servicios\/formacion-estrategica\/\" \/>\n<meta property=\"og:locale\" content=\"en_US\" \/>\n<meta property=\"og:type\" content=\"article\" \/>\n<meta property=\"og:title\" content=\"Formaci\u00f3n estrat\u00e9gica - Coidaura Terra\" \/>\n<meta property=\"og:description\" content=\"Formaci\u00f3n estrat\u00e9gica Formaci\u00f3n en sostenibilidad Programas de capacitaci\u00f3n para ejecutivos, l\u00edderes de proyecto, proveedores, contratistas y empleados en temas de sostenibilidad, incluyendo econom\u00eda circular, desarrollo sostenible, gesti\u00f3n de recursos, reportes de sostenibilidad, entre otros. Sensibilizaci\u00f3n en diversidad e inclusi\u00f3n Talleres y programas educativos sobre la importancia de la diversidad de g\u00e9nero y la inclusi\u00f3n en [&hellip;]\" \/>\n<meta property=\"og:url\" content=\"https:\/\/coidauraterra.com\/en\/servicios\/formacion-estrategica\/\" \/>\n<meta property=\"og:site_name\" content=\"Coidaura Terra\" \/>\n<meta property=\"article:modified_time\" content=\"2025-12-16T19:15:59+00:00\" \/>\n<meta name=\"twitter:card\" content=\"summary_large_image\" \/>\n<meta name=\"twitter:label1\" content=\"Est. reading time\" \/>\n\t<meta name=\"twitter:data1\" content=\"1 minute\" \/>\n<script type=\"application\/ld+json\" class=\"yoast-schema-graph\">{\"@context\":\"https:\/\/schema.org\",\"@graph\":[{\"@type\":\"WebPage\",\"@id\":\"https:\/\/coidauraterra.com\/servicios\/formacion-estrategica\/\",\"url\":\"https:\/\/coidauraterra.com\/servicios\/formacion-estrategica\/\",\"name\":\"Formaci\u00f3n estrat\u00e9gica - Coidaura Terra\",\"isPartOf\":{\"@id\":\"https:\/\/coidauraterra.com\/#website\"},\"datePublished\":\"2025-11-14T09:23:36+00:00\",\"dateModified\":\"2025-12-16T19:15:59+00:00\",\"breadcrumb\":{\"@id\":\"https:\/\/coidauraterra.com\/servicios\/formacion-estrategica\/#breadcrumb\"},\"inLanguage\":\"en-US\",\"potentialAction\":[{\"@type\":\"ReadAction\",\"target\":[\"https:\/\/coidauraterra.com\/servicios\/formacion-estrategica\/\"]}]},{\"@type\":\"BreadcrumbList\",\"@id\":\"https:\/\/coidauraterra.com\/servicios\/formacion-estrategica\/#breadcrumb\",\"itemListElement\":[{\"@type\":\"ListItem\",\"position\":1,\"name\":\"Home\",\"item\":\"https:\/\/coidauraterra.com\/\"},{\"@type\":\"ListItem\",\"position\":2,\"name\":\"Servicios\",\"item\":\"https:\/\/coidauraterra.com\/servicios\/\"},{\"@type\":\"ListItem\",\"position\":3,\"name\":\"Formaci\u00f3n estrat\u00e9gica\"}]},{\"@type\":\"WebSite\",\"@id\":\"https:\/\/coidauraterra.com\/#website\",\"url\":\"https:\/\/coidauraterra.com\/\",\"name\":\"Coidaura Terra\",\"description\":\"Seguridad &amp; Sostenibilidad\",\"publisher\":{\"@id\":\"https:\/\/coidauraterra.com\/#organization\"},\"potentialAction\":[{\"@type\":\"SearchAction\",\"target\":{\"@type\":\"EntryPoint\",\"urlTemplate\":\"https:\/\/coidauraterra.com\/?s={search_term_string}\"},\"query-input\":{\"@type\":\"PropertyValueSpecification\",\"valueRequired\":true,\"valueName\":\"search_term_string\"}}],\"inLanguage\":\"en-US\"},{\"@type\":\"Organization\",\"@id\":\"https:\/\/coidauraterra.com\/#organization\",\"name\":\"Coidaura Terra\",\"url\":\"https:\/\/coidauraterra.com\/\",\"logo\":{\"@type\":\"ImageObject\",\"inLanguage\":\"en-US\",\"@id\":\"https:\/\/coidauraterra.com\/#\/schema\/logo\/image\/\",\"url\":\"https:\/\/coidauraterra.com\/wp-content\/uploads\/2025\/11\/logo.webp\",\"contentUrl\":\"https:\/\/coidauraterra.com\/wp-content\/uploads\/2025\/11\/logo.webp\",\"width\":1903,\"height\":510,\"caption\":\"Coidaura Terra\"},\"image\":{\"@id\":\"https:\/\/coidauraterra.com\/#\/schema\/logo\/image\/\"}}]}<\/script>\n<!-- \/ Yoast SEO plugin. -->","yoast_head_json":{"title":"Formaci\u00f3n estrat\u00e9gica - Coidaura Terra","robots":{"index":"index","follow":"follow","max-snippet":"max-snippet:-1","max-image-preview":"max-image-preview:large","max-video-preview":"max-video-preview:-1"},"canonical":"https:\/\/coidauraterra.com\/en\/servicios\/formacion-estrategica\/","og_locale":"en_US","og_type":"article","og_title":"Formaci\u00f3n estrat\u00e9gica - Coidaura Terra","og_description":"Formaci\u00f3n estrat\u00e9gica Formaci\u00f3n en sostenibilidad Programas de capacitaci\u00f3n para ejecutivos, l\u00edderes de proyecto, proveedores, contratistas y empleados en temas de sostenibilidad, incluyendo econom\u00eda circular, desarrollo sostenible, gesti\u00f3n de recursos, reportes de sostenibilidad, entre otros. Sensibilizaci\u00f3n en diversidad e inclusi\u00f3n Talleres y programas educativos sobre la importancia de la diversidad de g\u00e9nero y la inclusi\u00f3n en [&hellip;]","og_url":"https:\/\/coidauraterra.com\/en\/servicios\/formacion-estrategica\/","og_site_name":"Coidaura Terra","article_modified_time":"2025-12-16T19:15:59+00:00","twitter_card":"summary_large_image","twitter_misc":{"Est. reading time":"1 minute"},"schema":{"@context":"https:\/\/schema.org","@graph":[{"@type":"WebPage","@id":"https:\/\/coidauraterra.com\/servicios\/formacion-estrategica\/","url":"https:\/\/coidauraterra.com\/servicios\/formacion-estrategica\/","name":"Formaci\u00f3n estrat\u00e9gica - Coidaura Terra","isPartOf":{"@id":"https:\/\/coidauraterra.com\/#website"},"datePublished":"2025-11-14T09:23:36+00:00","dateModified":"2025-12-16T19:15:59+00:00","breadcrumb":{"@id":"https:\/\/coidauraterra.com\/servicios\/formacion-estrategica\/#breadcrumb"},"inLanguage":"en-US","potentialAction":[{"@type":"ReadAction","target":["https:\/\/coidauraterra.com\/servicios\/formacion-estrategica\/"]}]},{"@type":"BreadcrumbList","@id":"https:\/\/coidauraterra.com\/servicios\/formacion-estrategica\/#breadcrumb","itemListElement":[{"@type":"ListItem","position":1,"name":"Home","item":"https:\/\/coidauraterra.com\/"},{"@type":"ListItem","position":2,"name":"Servicios","item":"https:\/\/coidauraterra.com\/servicios\/"},{"@type":"ListItem","position":3,"name":"Formaci\u00f3n estrat\u00e9gica"}]},{"@type":"WebSite","@id":"https:\/\/coidauraterra.com\/#website","url":"https:\/\/coidauraterra.com\/","name":"Coidaura Terra","description":"Security and Sustainability","publisher":{"@id":"https:\/\/coidauraterra.com\/#organization"},"potentialAction":[{"@type":"SearchAction","target":{"@type":"EntryPoint","urlTemplate":"https:\/\/coidauraterra.com\/?s={search_term_string}"},"query-input":{"@type":"PropertyValueSpecification","valueRequired":true,"valueName":"search_term_string"}}],"inLanguage":"en-US"},{"@type":"Organization","@id":"https:\/\/coidauraterra.com\/#organization","name":"Coidaura Terra","url":"https:\/\/coidauraterra.com\/","logo":{"@type":"ImageObject","inLanguage":"en-US","@id":"https:\/\/coidauraterra.com\/#\/schema\/logo\/image\/","url":"https:\/\/coidauraterra.com\/wp-content\/uploads\/2025\/11\/logo.webp","contentUrl":"https:\/\/coidauraterra.com\/wp-content\/uploads\/2025\/11\/logo.webp","width":1903,"height":510,"caption":"Coidaura Terra"},"image":{"@id":"https:\/\/coidauraterra.com\/#\/schema\/logo\/image\/"}}]}},"uagb_featured_image_src":{"full":false,"thumbnail":false,"medium":false,"medium_large":false,"large":false,"1536x1536":false,"2048x2048":false,"trp-custom-language-flag":false},"uagb_author_info":{"display_name":"Orachi","author_link":"https:\/\/coidauraterra.com\/en\/author\/leon-codefix\/"},"uagb_comment_info":0,"uagb_excerpt":"Formaci\u00f3n estrat\u00e9gica Formaci\u00f3n en sostenibilidad Programas de capacitaci\u00f3n para ejecutivos, l\u00edderes de proyecto, proveedores, contratistas y empleados en temas de sostenibilidad, incluyendo econom\u00eda circular, desarrollo sostenible, gesti\u00f3n de recursos, reportes de sostenibilidad, entre otros. Sensibilizaci\u00f3n en diversidad e inclusi\u00f3n Talleres y programas educativos sobre la importancia de la diversidad de g\u00e9nero y la inclusi\u00f3n en&hellip;","_links":{"self":[{"href":"https:\/\/coidauraterra.com\/en\/wp-json\/wp\/v2\/pages\/77","targetHints":{"allow":["GET"]}}],"collection":[{"href":"https:\/\/coidauraterra.com\/en\/wp-json\/wp\/v2\/pages"}],"about":[{"href":"https:\/\/coidauraterra.com\/en\/wp-json\/wp\/v2\/types\/page"}],"author":[{"embeddable":true,"href":"https:\/\/coidauraterra.com\/en\/wp-json\/wp\/v2\/users\/1"}],"replies":[{"embeddable":true,"href":"https:\/\/coidauraterra.com\/en\/wp-json\/wp\/v2\/comments?post=77"}],"version-history":[{"count":14,"href":"https:\/\/coidauraterra.com\/en\/wp-json\/wp\/v2\/pages\/77\/revisions"}],"predecessor-version":[{"id":654,"href":"https:\/\/coidauraterra.com\/en\/wp-json\/wp\/v2\/pages\/77\/revisions\/654"}],"up":[{"embeddable":true,"href":"https:\/\/coidauraterra.com\/en\/wp-json\/wp\/v2\/pages\/69"}],"wp:attachment":[{"href":"https:\/\/coidauraterra.com\/en\/wp-json\/wp\/v2\/media?parent=77"}],"curies":[{"name":"wp","href":"https:\/\/api.w.org\/{rel}","templated":true}]}}