{"id":78,"date":"2025-11-14T03:23:09","date_gmt":"2025-11-14T09:23:09","guid":{"rendered":"https:\/\/coidauraterra.com\/?page_id=78"},"modified":"2025-12-22T12:49:18","modified_gmt":"2025-12-22T18:49:18","slug":"cambio-climatico","status":"publish","type":"page","link":"https:\/\/coidauraterra.com\/en\/servicios\/cambio-climatico\/","title":{"rendered":"Climate Change"},"content":{"rendered":"<div class=\"wp-block-uagb-container uagb-block-6e796017 alignfull uagb-is-root-container\"><div class=\"uagb-container-inner-blocks-wrap\">\n<div class=\"wp-block-uagb-container uagb-block-5842e8a5\">\n<div class=\"wp-block-group is-vertical is-layout-flex wp-container-core-group-is-layout-fe9cc265 wp-block-group-is-layout-flex\">\n<div style=\"height:0px\" aria-hidden=\"true\" class=\"wp-block-spacer wp-container-content-ae5b6004\"><\/div>\n\n\n\n<h2 class=\"wp-block-heading has-base-color has-text-color has-link-color wp-elements-40e1a63aafb300672c20659deabdb519\" style=\"margin-bottom:var(--wp--preset--spacing--50)\"><strong>Climate Change<\/strong><\/h2>\n<\/div>\n<\/div>\n<\/div><\/div>\n\n\n\n<div class=\"wp-block-uagb-container temas uagb-block-e8ebd063 alignfull uagb-is-root-container\"><div class=\"uagb-container-inner-blocks-wrap\">\n<div class=\"wp-block-uagb-container uagb-layout-grid uagb-block-27e9651d\">\n<div class=\"wp-block-group tema is-vertical is-layout-flex wp-container-core-group-is-layout-fe9cc265 wp-block-group-is-layout-flex\">\n<h3 class=\"wp-block-heading has-base-color has-accent-2-background-color has-text-color has-background has-link-color wp-elements-37ff4920c2b8cb80ba7d4772ca192d9b\"><strong>Energy Transition Strategies<\/strong><\/h3>\n\n\n\n<p class=\"has-base-color has-text-color has-background has-link-color wp-elements-c1f4d7c5ac7a616e5b9b25776ab285c0 wp-container-content-9cfa9a5a\" style=\"background-color:#3c5536\">Advisory services for the design and implementation of transition and mitigation plans, reducing fossil fuel consumption and minimizing carbon emissions.<\/p>\n<\/div>\n\n\n\n<div class=\"wp-block-group tema is-vertical is-layout-flex wp-container-core-group-is-layout-fe9cc265 wp-block-group-is-layout-flex\">\n<h3 class=\"wp-block-heading has-accent-2-color has-accent-3-background-color has-text-color has-background has-link-color wp-elements-1f1a8fe731b335d54a2eb94e86876896\"><strong>Energy optimization<\/strong><\/h3>\n\n\n\n<p class=\"has-accent-2-color has-text-color has-background has-link-color wp-elements-ce09d31a01ad2c7ec70fe4b6acde17b5 wp-container-content-9cfa9a5a\" style=\"background-color:#dee0d1\">Consulting to improve energy efficiency in operational processes, reducing costs and carbon footprint.<\/p>\n<\/div>\n\n\n\n<div class=\"wp-block-group tema is-vertical is-layout-flex wp-container-core-group-is-layout-fe9cc265 wp-block-group-is-layout-flex\">\n<h3 class=\"wp-block-heading has-accent-2-color has-accent-1-background-color has-text-color has-background has-link-color wp-elements-2afe9596a6e2ab597d688b744558f3a6\"><strong>Climate risk assessment<\/strong><\/h3>\n\n\n\n<p class=\"has-accent-2-color has-text-color has-background has-link-color wp-elements-2aed29493488dd244c247d6f9286df22 wp-container-content-9cfa9a5a\" style=\"background-color:#e9c886\">Identification and assessment of risks that climate change may pose to operations, both physically (extreme weather events) and in terms of reputation and regulation.<\/p>\n<\/div>\n\n\n\n<div class=\"wp-block-group tema is-vertical is-layout-flex wp-container-core-group-is-layout-fe9cc265 wp-block-group-is-layout-flex\">\n<h3 class=\"wp-block-heading has-base-color has-accent-2-background-color has-text-color has-background has-link-color wp-elements-9da22c97675319b739339979e3b50ad4\"><strong>Climate resilience plans<\/strong><\/h3>\n\n\n\n<p class=\"has-base-color has-text-color has-background has-link-color wp-elements-ca18513d5ebddc2e3a6300e75a2bc18a wp-container-content-9cfa9a5a\" style=\"background-color:#3c5536\">Design of strategies to reduce the vulnerability of operations to the impacts of climate change, integrating adaptation and mitigation measures.<\/p>\n<\/div>\n<\/div>\n<\/div><\/div>","protected":false},"excerpt":{"rendered":"<p>Cambio clim\u00e1tico Estrategias de transici\u00f3n energ\u00e9tica Asesor\u00eda para el dise\u00f1o e implementaci\u00f3n de planes de transici\u00f3n y mitigaci\u00f3n, reduciendo el consumo de combustibles f\u00f3siles y minimizando las emisiones de carbono. Optimizaci\u00f3n energ\u00e9tica Consultor\u00eda para mejorar la eficiencia energ\u00e9tica en los procesos operativos, reduciendo costos y huella de carbono Evaluaci\u00f3n de riesgos clim\u00e1ticos Identificaci\u00f3n y evaluaci\u00f3n [&hellip;]<\/p>\n","protected":false},"author":1,"featured_media":0,"parent":69,"menu_order":0,"comment_status":"closed","ping_status":"closed","template":"page-no-title","meta":{"_uag_custom_page_level_css":"","footnotes":""},"class_list":["post-78","page","type-page","status-publish","hentry"],"yoast_head":"<!-- This site is optimized with the Yoast SEO plugin v26.9 - https:\/\/yoast.com\/product\/yoast-seo-wordpress\/ -->\n<title>Cambio clim\u00e1tico - Coidaura Terra<\/title>\n<meta name=\"robots\" content=\"index, follow, max-snippet:-1, max-image-preview:large, max-video-preview:-1\" \/>\n<link rel=\"canonical\" href=\"https:\/\/coidauraterra.com\/en\/servicios\/cambio-climatico\/\" \/>\n<meta property=\"og:locale\" content=\"en_US\" \/>\n<meta property=\"og:type\" content=\"article\" \/>\n<meta property=\"og:title\" content=\"Cambio clim\u00e1tico - Coidaura Terra\" \/>\n<meta property=\"og:description\" content=\"Cambio clim\u00e1tico Estrategias de transici\u00f3n energ\u00e9tica Asesor\u00eda para el dise\u00f1o e implementaci\u00f3n de planes de transici\u00f3n y mitigaci\u00f3n, reduciendo el consumo de combustibles f\u00f3siles y minimizando las emisiones de carbono. Optimizaci\u00f3n energ\u00e9tica Consultor\u00eda para mejorar la eficiencia energ\u00e9tica en los procesos operativos, reduciendo costos y huella de carbono Evaluaci\u00f3n de riesgos clim\u00e1ticos Identificaci\u00f3n y evaluaci\u00f3n [&hellip;]\" \/>\n<meta property=\"og:url\" content=\"https:\/\/coidauraterra.com\/en\/servicios\/cambio-climatico\/\" \/>\n<meta property=\"og:site_name\" content=\"Coidaura Terra\" \/>\n<meta property=\"article:modified_time\" content=\"2025-12-22T18:49:18+00:00\" \/>\n<meta name=\"twitter:card\" content=\"summary_large_image\" \/>\n<meta name=\"twitter:label1\" content=\"Est. reading time\" \/>\n\t<meta name=\"twitter:data1\" content=\"1 minute\" \/>\n<script type=\"application\/ld+json\" class=\"yoast-schema-graph\">{\"@context\":\"https:\/\/schema.org\",\"@graph\":[{\"@type\":\"WebPage\",\"@id\":\"https:\/\/coidauraterra.com\/servicios\/cambio-climatico\/\",\"url\":\"https:\/\/coidauraterra.com\/servicios\/cambio-climatico\/\",\"name\":\"Cambio clim\u00e1tico - Coidaura Terra\",\"isPartOf\":{\"@id\":\"https:\/\/coidauraterra.com\/#website\"},\"datePublished\":\"2025-11-14T09:23:09+00:00\",\"dateModified\":\"2025-12-22T18:49:18+00:00\",\"breadcrumb\":{\"@id\":\"https:\/\/coidauraterra.com\/servicios\/cambio-climatico\/#breadcrumb\"},\"inLanguage\":\"en-US\",\"potentialAction\":[{\"@type\":\"ReadAction\",\"target\":[\"https:\/\/coidauraterra.com\/servicios\/cambio-climatico\/\"]}]},{\"@type\":\"BreadcrumbList\",\"@id\":\"https:\/\/coidauraterra.com\/servicios\/cambio-climatico\/#breadcrumb\",\"itemListElement\":[{\"@type\":\"ListItem\",\"position\":1,\"name\":\"Home\",\"item\":\"https:\/\/coidauraterra.com\/\"},{\"@type\":\"ListItem\",\"position\":2,\"name\":\"Servicios\",\"item\":\"https:\/\/coidauraterra.com\/servicios\/\"},{\"@type\":\"ListItem\",\"position\":3,\"name\":\"Cambio clim\u00e1tico\"}]},{\"@type\":\"WebSite\",\"@id\":\"https:\/\/coidauraterra.com\/#website\",\"url\":\"https:\/\/coidauraterra.com\/\",\"name\":\"Coidaura Terra\",\"description\":\"Seguridad &amp; Sostenibilidad\",\"publisher\":{\"@id\":\"https:\/\/coidauraterra.com\/#organization\"},\"potentialAction\":[{\"@type\":\"SearchAction\",\"target\":{\"@type\":\"EntryPoint\",\"urlTemplate\":\"https:\/\/coidauraterra.com\/?s={search_term_string}\"},\"query-input\":{\"@type\":\"PropertyValueSpecification\",\"valueRequired\":true,\"valueName\":\"search_term_string\"}}],\"inLanguage\":\"en-US\"},{\"@type\":\"Organization\",\"@id\":\"https:\/\/coidauraterra.com\/#organization\",\"name\":\"Coidaura Terra\",\"url\":\"https:\/\/coidauraterra.com\/\",\"logo\":{\"@type\":\"ImageObject\",\"inLanguage\":\"en-US\",\"@id\":\"https:\/\/coidauraterra.com\/#\/schema\/logo\/image\/\",\"url\":\"https:\/\/coidauraterra.com\/wp-content\/uploads\/2025\/11\/logo.webp\",\"contentUrl\":\"https:\/\/coidauraterra.com\/wp-content\/uploads\/2025\/11\/logo.webp\",\"width\":1903,\"height\":510,\"caption\":\"Coidaura Terra\"},\"image\":{\"@id\":\"https:\/\/coidauraterra.com\/#\/schema\/logo\/image\/\"}}]}<\/script>\n<!-- \/ Yoast SEO plugin. -->","yoast_head_json":{"title":"Cambio clim\u00e1tico - Coidaura Terra","robots":{"index":"index","follow":"follow","max-snippet":"max-snippet:-1","max-image-preview":"max-image-preview:large","max-video-preview":"max-video-preview:-1"},"canonical":"https:\/\/coidauraterra.com\/en\/servicios\/cambio-climatico\/","og_locale":"en_US","og_type":"article","og_title":"Cambio clim\u00e1tico - Coidaura Terra","og_description":"Cambio clim\u00e1tico Estrategias de transici\u00f3n energ\u00e9tica Asesor\u00eda para el dise\u00f1o e implementaci\u00f3n de planes de transici\u00f3n y mitigaci\u00f3n, reduciendo el consumo de combustibles f\u00f3siles y minimizando las emisiones de carbono. Optimizaci\u00f3n energ\u00e9tica Consultor\u00eda para mejorar la eficiencia energ\u00e9tica en los procesos operativos, reduciendo costos y huella de carbono Evaluaci\u00f3n de riesgos clim\u00e1ticos Identificaci\u00f3n y evaluaci\u00f3n [&hellip;]","og_url":"https:\/\/coidauraterra.com\/en\/servicios\/cambio-climatico\/","og_site_name":"Coidaura Terra","article_modified_time":"2025-12-22T18:49:18+00:00","twitter_card":"summary_large_image","twitter_misc":{"Est. reading time":"1 minute"},"schema":{"@context":"https:\/\/schema.org","@graph":[{"@type":"WebPage","@id":"https:\/\/coidauraterra.com\/servicios\/cambio-climatico\/","url":"https:\/\/coidauraterra.com\/servicios\/cambio-climatico\/","name":"Cambio clim\u00e1tico - Coidaura Terra","isPartOf":{"@id":"https:\/\/coidauraterra.com\/#website"},"datePublished":"2025-11-14T09:23:09+00:00","dateModified":"2025-12-22T18:49:18+00:00","breadcrumb":{"@id":"https:\/\/coidauraterra.com\/servicios\/cambio-climatico\/#breadcrumb"},"inLanguage":"en-US","potentialAction":[{"@type":"ReadAction","target":["https:\/\/coidauraterra.com\/servicios\/cambio-climatico\/"]}]},{"@type":"BreadcrumbList","@id":"https:\/\/coidauraterra.com\/servicios\/cambio-climatico\/#breadcrumb","itemListElement":[{"@type":"ListItem","position":1,"name":"Home","item":"https:\/\/coidauraterra.com\/"},{"@type":"ListItem","position":2,"name":"Servicios","item":"https:\/\/coidauraterra.com\/servicios\/"},{"@type":"ListItem","position":3,"name":"Cambio clim\u00e1tico"}]},{"@type":"WebSite","@id":"https:\/\/coidauraterra.com\/#website","url":"https:\/\/coidauraterra.com\/","name":"Coidaura Terra","description":"Security and Sustainability","publisher":{"@id":"https:\/\/coidauraterra.com\/#organization"},"potentialAction":[{"@type":"SearchAction","target":{"@type":"EntryPoint","urlTemplate":"https:\/\/coidauraterra.com\/?s={search_term_string}"},"query-input":{"@type":"PropertyValueSpecification","valueRequired":true,"valueName":"search_term_string"}}],"inLanguage":"en-US"},{"@type":"Organization","@id":"https:\/\/coidauraterra.com\/#organization","name":"Coidaura Terra","url":"https:\/\/coidauraterra.com\/","logo":{"@type":"ImageObject","inLanguage":"en-US","@id":"https:\/\/coidauraterra.com\/#\/schema\/logo\/image\/","url":"https:\/\/coidauraterra.com\/wp-content\/uploads\/2025\/11\/logo.webp","contentUrl":"https:\/\/coidauraterra.com\/wp-content\/uploads\/2025\/11\/logo.webp","width":1903,"height":510,"caption":"Coidaura Terra"},"image":{"@id":"https:\/\/coidauraterra.com\/#\/schema\/logo\/image\/"}}]}},"uagb_featured_image_src":{"full":false,"thumbnail":false,"medium":false,"medium_large":false,"large":false,"1536x1536":false,"2048x2048":false,"trp-custom-language-flag":false},"uagb_author_info":{"display_name":"Orachi","author_link":"https:\/\/coidauraterra.com\/en\/author\/leon-codefix\/"},"uagb_comment_info":0,"uagb_excerpt":"Cambio clim\u00e1tico Estrategias de transici\u00f3n energ\u00e9tica Asesor\u00eda para el dise\u00f1o e implementaci\u00f3n de planes de transici\u00f3n y mitigaci\u00f3n, reduciendo el consumo de combustibles f\u00f3siles y minimizando las emisiones de carbono. Optimizaci\u00f3n energ\u00e9tica Consultor\u00eda para mejorar la eficiencia energ\u00e9tica en los procesos operativos, reduciendo costos y huella de carbono Evaluaci\u00f3n de riesgos clim\u00e1ticos Identificaci\u00f3n y evaluaci\u00f3n&hellip;","_links":{"self":[{"href":"https:\/\/coidauraterra.com\/en\/wp-json\/wp\/v2\/pages\/78","targetHints":{"allow":["GET"]}}],"collection":[{"href":"https:\/\/coidauraterra.com\/en\/wp-json\/wp\/v2\/pages"}],"about":[{"href":"https:\/\/coidauraterra.com\/en\/wp-json\/wp\/v2\/types\/page"}],"author":[{"embeddable":true,"href":"https:\/\/coidauraterra.com\/en\/wp-json\/wp\/v2\/users\/1"}],"replies":[{"embeddable":true,"href":"https:\/\/coidauraterra.com\/en\/wp-json\/wp\/v2\/comments?post=78"}],"version-history":[{"count":16,"href":"https:\/\/coidauraterra.com\/en\/wp-json\/wp\/v2\/pages\/78\/revisions"}],"predecessor-version":[{"id":754,"href":"https:\/\/coidauraterra.com\/en\/wp-json\/wp\/v2\/pages\/78\/revisions\/754"}],"up":[{"embeddable":true,"href":"https:\/\/coidauraterra.com\/en\/wp-json\/wp\/v2\/pages\/69"}],"wp:attachment":[{"href":"https:\/\/coidauraterra.com\/en\/wp-json\/wp\/v2\/media?parent=78"}],"curies":[{"name":"wp","href":"https:\/\/api.w.org\/{rel}","templated":true}]}}