{"id":79,"date":"2025-11-14T03:22:42","date_gmt":"2025-11-14T09:22:42","guid":{"rendered":"https:\/\/coidauraterra.com\/?page_id=79"},"modified":"2025-12-16T13:16:36","modified_gmt":"2025-12-16T19:16:36","slug":"responsabilidad-social","status":"publish","type":"page","link":"https:\/\/coidauraterra.com\/en\/servicios\/responsabilidad-social\/","title":{"rendered":"Social Responsibility"},"content":{"rendered":"<div class=\"wp-block-uagb-container uagb-block-6e796017 alignfull uagb-is-root-container\"><div class=\"uagb-container-inner-blocks-wrap\">\n<div class=\"wp-block-uagb-container uagb-block-5842e8a5\">\n<div class=\"wp-block-group is-vertical is-layout-flex wp-container-core-group-is-layout-fe9cc265 wp-block-group-is-layout-flex\">\n<div style=\"height:0px\" aria-hidden=\"true\" class=\"wp-block-spacer wp-container-content-ae5b6004\"><\/div>\n\n\n\n<h2 class=\"wp-block-heading has-base-color has-text-color has-link-color wp-elements-ef320c635c858ea3972785fb4bf08fa2\" style=\"margin-bottom:var(--wp--preset--spacing--50)\"><strong>Social Responsibility<\/strong><\/h2>\n<\/div>\n<\/div>\n<\/div><\/div>\n\n\n\n<div class=\"wp-block-uagb-container temas uagb-block-e8ebd063 alignfull uagb-is-root-container\"><div class=\"uagb-container-inner-blocks-wrap\">\n<div class=\"wp-block-uagb-container uagb-layout-grid uagb-block-27e9651d\">\n<div class=\"wp-block-group tema is-vertical is-layout-flex wp-container-core-group-is-layout-fe9cc265 wp-block-group-is-layout-flex\">\n<h3 class=\"wp-block-heading has-base-color has-accent-2-background-color has-text-color has-background has-link-color wp-elements-e7398a1c58f169a9ce7bc33751eba483\"><strong>Corporate Social Responsibility (CSR) Consulting<\/strong><\/h3>\n\n\n\n<p class=\"has-base-color has-text-color has-background has-link-color wp-elements-ddb594dd425df315ca5374c56d8b8a39 wp-container-content-9cfa9a5a\" style=\"background-color:#3c5536\">Design of strategies that promote the well-being of local communities and the integration of equity and social justice principles into companies\u2019 operations and value chains.<\/p>\n<\/div>\n\n\n\n<div class=\"wp-block-group tema is-vertical is-layout-flex wp-container-core-group-is-layout-fe9cc265 wp-block-group-is-layout-flex\">\n<h3 class=\"wp-block-heading has-accent-2-color has-accent-3-background-color has-text-color has-background has-link-color wp-elements-1040d3443363e5b6d4333a9280809f40\"><strong>Community relations management<\/strong><\/h3>\n\n\n\n<p class=\"has-accent-2-color has-text-color has-background has-link-color wp-elements-570a4ed08017764dd968dfc8653de15a wp-container-content-9cfa9a5a\" style=\"background-color:#dee0d1\">Advisory support for building positive relationships with communities near operations, while promoting community development, education, health, and employment projects.<\/p>\n<\/div>\n\n\n\n<div class=\"wp-block-group tema is-vertical is-layout-flex wp-container-core-group-is-layout-fe9cc265 wp-block-group-is-layout-flex\">\n<h3 class=\"wp-block-heading has-accent-2-color has-accent-1-background-color has-text-color has-background has-link-color wp-elements-95022219235fb4ecdb32af16889f2654\"><strong>Human rights consulting<\/strong><\/h3>\n\n\n\n<p class=\"has-accent-2-color has-text-color has-background has-link-color wp-elements-ded82623cf28af1117cb10530e271ac9 wp-container-content-9cfa9a5a\" style=\"background-color:#e9c886\">Ensuring that companies\u2019 operations and value chains respect human rights in the areas where they operate, particularly in regions affected by industrial activities.<\/p>\n<\/div>\n<\/div>\n<\/div><\/div>","protected":false},"excerpt":{"rendered":"<p>Responsabilidad social Consultor\u00eda en responsabilidad social empresarial (RSE) Dise\u00f1o de estrategias que favorezcan el bienestar de las comunidades locales y la integraci\u00f3n de los principios de equidad y justicia social en las operaciones de las empresas y su cadena de valor. Gesti\u00f3n de relaciones comunitarias Asesor\u00eda en la construcci\u00f3n de relaciones positivas con las comunidades [&hellip;]<\/p>\n","protected":false},"author":1,"featured_media":0,"parent":69,"menu_order":0,"comment_status":"closed","ping_status":"closed","template":"page-no-title","meta":{"_uag_custom_page_level_css":"","footnotes":""},"class_list":["post-79","page","type-page","status-publish","hentry"],"yoast_head":"<!-- This site is optimized with the Yoast SEO plugin v26.9 - https:\/\/yoast.com\/product\/yoast-seo-wordpress\/ -->\n<title>Responsabilidad social - Coidaura Terra<\/title>\n<meta name=\"robots\" content=\"index, follow, max-snippet:-1, max-image-preview:large, max-video-preview:-1\" \/>\n<link rel=\"canonical\" href=\"https:\/\/coidauraterra.com\/en\/servicios\/responsabilidad-social\/\" \/>\n<meta property=\"og:locale\" content=\"en_US\" \/>\n<meta property=\"og:type\" content=\"article\" \/>\n<meta property=\"og:title\" content=\"Responsabilidad social - Coidaura Terra\" \/>\n<meta property=\"og:description\" content=\"Responsabilidad social Consultor\u00eda en responsabilidad social empresarial (RSE) Dise\u00f1o de estrategias que favorezcan el bienestar de las comunidades locales y la integraci\u00f3n de los principios de equidad y justicia social en las operaciones de las empresas y su cadena de valor. Gesti\u00f3n de relaciones comunitarias Asesor\u00eda en la construcci\u00f3n de relaciones positivas con las comunidades [&hellip;]\" \/>\n<meta property=\"og:url\" content=\"https:\/\/coidauraterra.com\/en\/servicios\/responsabilidad-social\/\" \/>\n<meta property=\"og:site_name\" content=\"Coidaura Terra\" \/>\n<meta property=\"article:modified_time\" content=\"2025-12-16T19:16:36+00:00\" \/>\n<meta name=\"twitter:card\" content=\"summary_large_image\" \/>\n<meta name=\"twitter:label1\" content=\"Est. reading time\" \/>\n\t<meta name=\"twitter:data1\" content=\"1 minute\" \/>\n<script type=\"application\/ld+json\" class=\"yoast-schema-graph\">{\"@context\":\"https:\/\/schema.org\",\"@graph\":[{\"@type\":\"WebPage\",\"@id\":\"https:\/\/coidauraterra.com\/servicios\/responsabilidad-social\/\",\"url\":\"https:\/\/coidauraterra.com\/servicios\/responsabilidad-social\/\",\"name\":\"Responsabilidad social - Coidaura Terra\",\"isPartOf\":{\"@id\":\"https:\/\/coidauraterra.com\/#website\"},\"datePublished\":\"2025-11-14T09:22:42+00:00\",\"dateModified\":\"2025-12-16T19:16:36+00:00\",\"breadcrumb\":{\"@id\":\"https:\/\/coidauraterra.com\/servicios\/responsabilidad-social\/#breadcrumb\"},\"inLanguage\":\"en-US\",\"potentialAction\":[{\"@type\":\"ReadAction\",\"target\":[\"https:\/\/coidauraterra.com\/servicios\/responsabilidad-social\/\"]}]},{\"@type\":\"BreadcrumbList\",\"@id\":\"https:\/\/coidauraterra.com\/servicios\/responsabilidad-social\/#breadcrumb\",\"itemListElement\":[{\"@type\":\"ListItem\",\"position\":1,\"name\":\"Home\",\"item\":\"https:\/\/coidauraterra.com\/\"},{\"@type\":\"ListItem\",\"position\":2,\"name\":\"Servicios\",\"item\":\"https:\/\/coidauraterra.com\/servicios\/\"},{\"@type\":\"ListItem\",\"position\":3,\"name\":\"Responsabilidad social\"}]},{\"@type\":\"WebSite\",\"@id\":\"https:\/\/coidauraterra.com\/#website\",\"url\":\"https:\/\/coidauraterra.com\/\",\"name\":\"Coidaura Terra\",\"description\":\"Seguridad &amp; Sostenibilidad\",\"publisher\":{\"@id\":\"https:\/\/coidauraterra.com\/#organization\"},\"potentialAction\":[{\"@type\":\"SearchAction\",\"target\":{\"@type\":\"EntryPoint\",\"urlTemplate\":\"https:\/\/coidauraterra.com\/?s={search_term_string}\"},\"query-input\":{\"@type\":\"PropertyValueSpecification\",\"valueRequired\":true,\"valueName\":\"search_term_string\"}}],\"inLanguage\":\"en-US\"},{\"@type\":\"Organization\",\"@id\":\"https:\/\/coidauraterra.com\/#organization\",\"name\":\"Coidaura Terra\",\"url\":\"https:\/\/coidauraterra.com\/\",\"logo\":{\"@type\":\"ImageObject\",\"inLanguage\":\"en-US\",\"@id\":\"https:\/\/coidauraterra.com\/#\/schema\/logo\/image\/\",\"url\":\"https:\/\/coidauraterra.com\/wp-content\/uploads\/2025\/11\/logo.webp\",\"contentUrl\":\"https:\/\/coidauraterra.com\/wp-content\/uploads\/2025\/11\/logo.webp\",\"width\":1903,\"height\":510,\"caption\":\"Coidaura Terra\"},\"image\":{\"@id\":\"https:\/\/coidauraterra.com\/#\/schema\/logo\/image\/\"}}]}<\/script>\n<!-- \/ Yoast SEO plugin. -->","yoast_head_json":{"title":"Responsabilidad social - Coidaura Terra","robots":{"index":"index","follow":"follow","max-snippet":"max-snippet:-1","max-image-preview":"max-image-preview:large","max-video-preview":"max-video-preview:-1"},"canonical":"https:\/\/coidauraterra.com\/en\/servicios\/responsabilidad-social\/","og_locale":"en_US","og_type":"article","og_title":"Responsabilidad social - Coidaura Terra","og_description":"Responsabilidad social Consultor\u00eda en responsabilidad social empresarial (RSE) Dise\u00f1o de estrategias que favorezcan el bienestar de las comunidades locales y la integraci\u00f3n de los principios de equidad y justicia social en las operaciones de las empresas y su cadena de valor. Gesti\u00f3n de relaciones comunitarias Asesor\u00eda en la construcci\u00f3n de relaciones positivas con las comunidades [&hellip;]","og_url":"https:\/\/coidauraterra.com\/en\/servicios\/responsabilidad-social\/","og_site_name":"Coidaura Terra","article_modified_time":"2025-12-16T19:16:36+00:00","twitter_card":"summary_large_image","twitter_misc":{"Est. reading time":"1 minute"},"schema":{"@context":"https:\/\/schema.org","@graph":[{"@type":"WebPage","@id":"https:\/\/coidauraterra.com\/servicios\/responsabilidad-social\/","url":"https:\/\/coidauraterra.com\/servicios\/responsabilidad-social\/","name":"Responsabilidad social - Coidaura Terra","isPartOf":{"@id":"https:\/\/coidauraterra.com\/#website"},"datePublished":"2025-11-14T09:22:42+00:00","dateModified":"2025-12-16T19:16:36+00:00","breadcrumb":{"@id":"https:\/\/coidauraterra.com\/servicios\/responsabilidad-social\/#breadcrumb"},"inLanguage":"en-US","potentialAction":[{"@type":"ReadAction","target":["https:\/\/coidauraterra.com\/servicios\/responsabilidad-social\/"]}]},{"@type":"BreadcrumbList","@id":"https:\/\/coidauraterra.com\/servicios\/responsabilidad-social\/#breadcrumb","itemListElement":[{"@type":"ListItem","position":1,"name":"Home","item":"https:\/\/coidauraterra.com\/"},{"@type":"ListItem","position":2,"name":"Servicios","item":"https:\/\/coidauraterra.com\/servicios\/"},{"@type":"ListItem","position":3,"name":"Responsabilidad social"}]},{"@type":"WebSite","@id":"https:\/\/coidauraterra.com\/#website","url":"https:\/\/coidauraterra.com\/","name":"Coidaura Terra","description":"Security and Sustainability","publisher":{"@id":"https:\/\/coidauraterra.com\/#organization"},"potentialAction":[{"@type":"SearchAction","target":{"@type":"EntryPoint","urlTemplate":"https:\/\/coidauraterra.com\/?s={search_term_string}"},"query-input":{"@type":"PropertyValueSpecification","valueRequired":true,"valueName":"search_term_string"}}],"inLanguage":"en-US"},{"@type":"Organization","@id":"https:\/\/coidauraterra.com\/#organization","name":"Coidaura Terra","url":"https:\/\/coidauraterra.com\/","logo":{"@type":"ImageObject","inLanguage":"en-US","@id":"https:\/\/coidauraterra.com\/#\/schema\/logo\/image\/","url":"https:\/\/coidauraterra.com\/wp-content\/uploads\/2025\/11\/logo.webp","contentUrl":"https:\/\/coidauraterra.com\/wp-content\/uploads\/2025\/11\/logo.webp","width":1903,"height":510,"caption":"Coidaura Terra"},"image":{"@id":"https:\/\/coidauraterra.com\/#\/schema\/logo\/image\/"}}]}},"uagb_featured_image_src":{"full":false,"thumbnail":false,"medium":false,"medium_large":false,"large":false,"1536x1536":false,"2048x2048":false,"trp-custom-language-flag":false},"uagb_author_info":{"display_name":"Orachi","author_link":"https:\/\/coidauraterra.com\/en\/author\/leon-codefix\/"},"uagb_comment_info":0,"uagb_excerpt":"Responsabilidad social Consultor\u00eda en responsabilidad social empresarial (RSE) Dise\u00f1o de estrategias que favorezcan el bienestar de las comunidades locales y la integraci\u00f3n de los principios de equidad y justicia social en las operaciones de las empresas y su cadena de valor. Gesti\u00f3n de relaciones comunitarias Asesor\u00eda en la construcci\u00f3n de relaciones positivas con las comunidades&hellip;","_links":{"self":[{"href":"https:\/\/coidauraterra.com\/en\/wp-json\/wp\/v2\/pages\/79","targetHints":{"allow":["GET"]}}],"collection":[{"href":"https:\/\/coidauraterra.com\/en\/wp-json\/wp\/v2\/pages"}],"about":[{"href":"https:\/\/coidauraterra.com\/en\/wp-json\/wp\/v2\/types\/page"}],"author":[{"embeddable":true,"href":"https:\/\/coidauraterra.com\/en\/wp-json\/wp\/v2\/users\/1"}],"replies":[{"embeddable":true,"href":"https:\/\/coidauraterra.com\/en\/wp-json\/wp\/v2\/comments?post=79"}],"version-history":[{"count":13,"href":"https:\/\/coidauraterra.com\/en\/wp-json\/wp\/v2\/pages\/79\/revisions"}],"predecessor-version":[{"id":656,"href":"https:\/\/coidauraterra.com\/en\/wp-json\/wp\/v2\/pages\/79\/revisions\/656"}],"up":[{"embeddable":true,"href":"https:\/\/coidauraterra.com\/en\/wp-json\/wp\/v2\/pages\/69"}],"wp:attachment":[{"href":"https:\/\/coidauraterra.com\/en\/wp-json\/wp\/v2\/media?parent=79"}],"curies":[{"name":"wp","href":"https:\/\/api.w.org\/{rel}","templated":true}]}}