{"id":80,"date":"2025-11-14T03:22:20","date_gmt":"2025-11-14T09:22:20","guid":{"rendered":"https:\/\/coidauraterra.com\/?page_id=80"},"modified":"2025-12-19T10:38:01","modified_gmt":"2025-12-19T16:38:01","slug":"seguridad-e-higiene","status":"publish","type":"page","link":"https:\/\/coidauraterra.com\/en\/servicios\/seguridad-e-higiene\/","title":{"rendered":"Health and Safety"},"content":{"rendered":"<div class=\"wp-block-uagb-container uagb-block-6e796017 alignfull uagb-is-root-container\"><div class=\"uagb-container-inner-blocks-wrap\">\n<div class=\"wp-block-uagb-container uagb-block-5842e8a5\">\n<div class=\"wp-block-group is-vertical is-layout-flex wp-container-core-group-is-layout-fe9cc265 wp-block-group-is-layout-flex\">\n<div style=\"height:0px\" aria-hidden=\"true\" class=\"wp-block-spacer wp-container-content-ae5b6004\"><\/div>\n\n\n\n<h2 class=\"wp-block-heading has-base-color has-text-color has-link-color wp-elements-72f4cf5ede2a25e2322d1f6149f2de65\" style=\"margin-bottom:var(--wp--preset--spacing--50)\"><strong>Health and Safety<\/strong><\/h2>\n<\/div>\n<\/div>\n<\/div><\/div>\n\n\n\n<div class=\"wp-block-uagb-container temas uagb-block-e8ebd063 alignfull uagb-is-root-container\"><div class=\"uagb-container-inner-blocks-wrap\">\n<div class=\"wp-block-uagb-container uagb-layout-grid uagb-block-27e9651d\">\n<div class=\"wp-block-group tema is-vertical is-layout-flex wp-container-core-group-is-layout-fe9cc265 wp-block-group-is-layout-flex\">\n<h3 class=\"wp-block-heading has-base-color has-accent-2-background-color has-text-color has-background has-link-color wp-elements-d90ac05e7c3bdf77ff587a15cc2a15d4\"><strong>Industrial Safety and Hygiene Compliance<\/strong><\/h3>\n\n\n\n<p class=\"has-base-color has-text-color has-background has-link-color wp-elements-e942c06cf9cbd9a7b4f43688f92efaa9 wp-container-content-9cfa9a5a\" style=\"background-color:#3c5536\">Advisory services, studies, and development of management systems in compliance with ASEA, STPS, and ISO 45001.<\/p>\n<\/div>\n\n\n\n<div class=\"wp-block-group tema is-vertical is-layout-flex wp-container-core-group-is-layout-fe9cc265 wp-block-group-is-layout-flex\">\n<h3 class=\"wp-block-heading has-accent-2-color has-accent-3-background-color has-text-color has-background has-link-color wp-elements-23f45fddaa3730b79254a2390d8afb95\"><strong>Sustainability Certifications and Labels<\/strong><\/h3>\n\n\n\n<p class=\"has-accent-2-color has-text-color has-background has-link-color wp-elements-4010dc69c1d2c08f53f5714e08516f5c wp-container-content-9cfa9a5a\" style=\"background-color:#dee0d1\">Advisory support to obtain certifications such as ISO 14001, ISO 45001, and ISO 9001, validating the company\u2019s sustainable practices.<\/p>\n<\/div>\n<\/div>\n<\/div><\/div>","protected":false},"excerpt":{"rendered":"<p>Seguridad e higiene Cumplimiento de normas en seguridad e higiene industrial Asesor\u00eda, estudios y elaboraci\u00f3n de sistemas de gesti\u00f3n en cumplimiento con la ASEA, la STPS e ISO 45001. Certificaciones y sellos sostenibles Asesor\u00eda para obtener certificaciones como ISO 14001, ISO 45001, ISO 9001, que validen las pr\u00e1cticas sostenibles de la empresa.<\/p>","protected":false},"author":1,"featured_media":0,"parent":69,"menu_order":0,"comment_status":"closed","ping_status":"closed","template":"page-no-title","meta":{"_uag_custom_page_level_css":"","footnotes":""},"class_list":["post-80","page","type-page","status-publish","hentry"],"yoast_head":"<!-- This site is optimized with the Yoast SEO plugin v26.9 - https:\/\/yoast.com\/product\/yoast-seo-wordpress\/ -->\n<title>Seguridad e higiene - Coidaura Terra<\/title>\n<meta name=\"robots\" content=\"index, follow, max-snippet:-1, max-image-preview:large, max-video-preview:-1\" \/>\n<link rel=\"canonical\" href=\"https:\/\/coidauraterra.com\/en\/servicios\/seguridad-e-higiene\/\" \/>\n<meta property=\"og:locale\" content=\"en_US\" \/>\n<meta property=\"og:type\" content=\"article\" \/>\n<meta property=\"og:title\" content=\"Seguridad e higiene - Coidaura Terra\" \/>\n<meta property=\"og:description\" content=\"Seguridad e higiene Cumplimiento de normas en seguridad e higiene industrial Asesor\u00eda, estudios y elaboraci\u00f3n de sistemas de gesti\u00f3n en cumplimiento con la ASEA, la STPS e ISO 45001. Certificaciones y sellos sostenibles Asesor\u00eda para obtener certificaciones como ISO 14001, ISO 45001, ISO 9001, que validen las pr\u00e1cticas sostenibles de la empresa.\" \/>\n<meta property=\"og:url\" content=\"https:\/\/coidauraterra.com\/en\/servicios\/seguridad-e-higiene\/\" \/>\n<meta property=\"og:site_name\" content=\"Coidaura Terra\" \/>\n<meta property=\"article:modified_time\" content=\"2025-12-19T16:38:01+00:00\" \/>\n<meta name=\"twitter:card\" content=\"summary_large_image\" \/>\n<meta name=\"twitter:label1\" content=\"Est. reading time\" \/>\n\t<meta name=\"twitter:data1\" content=\"1 minute\" \/>\n<script type=\"application\/ld+json\" class=\"yoast-schema-graph\">{\"@context\":\"https:\/\/schema.org\",\"@graph\":[{\"@type\":\"WebPage\",\"@id\":\"https:\/\/coidauraterra.com\/servicios\/seguridad-e-higiene\/\",\"url\":\"https:\/\/coidauraterra.com\/servicios\/seguridad-e-higiene\/\",\"name\":\"Seguridad e higiene - Coidaura Terra\",\"isPartOf\":{\"@id\":\"https:\/\/coidauraterra.com\/#website\"},\"datePublished\":\"2025-11-14T09:22:20+00:00\",\"dateModified\":\"2025-12-19T16:38:01+00:00\",\"breadcrumb\":{\"@id\":\"https:\/\/coidauraterra.com\/servicios\/seguridad-e-higiene\/#breadcrumb\"},\"inLanguage\":\"en-US\",\"potentialAction\":[{\"@type\":\"ReadAction\",\"target\":[\"https:\/\/coidauraterra.com\/servicios\/seguridad-e-higiene\/\"]}]},{\"@type\":\"BreadcrumbList\",\"@id\":\"https:\/\/coidauraterra.com\/servicios\/seguridad-e-higiene\/#breadcrumb\",\"itemListElement\":[{\"@type\":\"ListItem\",\"position\":1,\"name\":\"Home\",\"item\":\"https:\/\/coidauraterra.com\/\"},{\"@type\":\"ListItem\",\"position\":2,\"name\":\"Servicios\",\"item\":\"https:\/\/coidauraterra.com\/servicios\/\"},{\"@type\":\"ListItem\",\"position\":3,\"name\":\"Seguridad e higiene\"}]},{\"@type\":\"WebSite\",\"@id\":\"https:\/\/coidauraterra.com\/#website\",\"url\":\"https:\/\/coidauraterra.com\/\",\"name\":\"Coidaura Terra\",\"description\":\"Seguridad &amp; Sostenibilidad\",\"publisher\":{\"@id\":\"https:\/\/coidauraterra.com\/#organization\"},\"potentialAction\":[{\"@type\":\"SearchAction\",\"target\":{\"@type\":\"EntryPoint\",\"urlTemplate\":\"https:\/\/coidauraterra.com\/?s={search_term_string}\"},\"query-input\":{\"@type\":\"PropertyValueSpecification\",\"valueRequired\":true,\"valueName\":\"search_term_string\"}}],\"inLanguage\":\"en-US\"},{\"@type\":\"Organization\",\"@id\":\"https:\/\/coidauraterra.com\/#organization\",\"name\":\"Coidaura Terra\",\"url\":\"https:\/\/coidauraterra.com\/\",\"logo\":{\"@type\":\"ImageObject\",\"inLanguage\":\"en-US\",\"@id\":\"https:\/\/coidauraterra.com\/#\/schema\/logo\/image\/\",\"url\":\"https:\/\/coidauraterra.com\/wp-content\/uploads\/2025\/11\/logo.webp\",\"contentUrl\":\"https:\/\/coidauraterra.com\/wp-content\/uploads\/2025\/11\/logo.webp\",\"width\":1903,\"height\":510,\"caption\":\"Coidaura Terra\"},\"image\":{\"@id\":\"https:\/\/coidauraterra.com\/#\/schema\/logo\/image\/\"}}]}<\/script>\n<!-- \/ Yoast SEO plugin. -->","yoast_head_json":{"title":"Seguridad e higiene - Coidaura Terra","robots":{"index":"index","follow":"follow","max-snippet":"max-snippet:-1","max-image-preview":"max-image-preview:large","max-video-preview":"max-video-preview:-1"},"canonical":"https:\/\/coidauraterra.com\/en\/servicios\/seguridad-e-higiene\/","og_locale":"en_US","og_type":"article","og_title":"Seguridad e higiene - Coidaura Terra","og_description":"Seguridad e higiene Cumplimiento de normas en seguridad e higiene industrial Asesor\u00eda, estudios y elaboraci\u00f3n de sistemas de gesti\u00f3n en cumplimiento con la ASEA, la STPS e ISO 45001. Certificaciones y sellos sostenibles Asesor\u00eda para obtener certificaciones como ISO 14001, ISO 45001, ISO 9001, que validen las pr\u00e1cticas sostenibles de la empresa.","og_url":"https:\/\/coidauraterra.com\/en\/servicios\/seguridad-e-higiene\/","og_site_name":"Coidaura Terra","article_modified_time":"2025-12-19T16:38:01+00:00","twitter_card":"summary_large_image","twitter_misc":{"Est. reading time":"1 minute"},"schema":{"@context":"https:\/\/schema.org","@graph":[{"@type":"WebPage","@id":"https:\/\/coidauraterra.com\/servicios\/seguridad-e-higiene\/","url":"https:\/\/coidauraterra.com\/servicios\/seguridad-e-higiene\/","name":"Seguridad e higiene - Coidaura Terra","isPartOf":{"@id":"https:\/\/coidauraterra.com\/#website"},"datePublished":"2025-11-14T09:22:20+00:00","dateModified":"2025-12-19T16:38:01+00:00","breadcrumb":{"@id":"https:\/\/coidauraterra.com\/servicios\/seguridad-e-higiene\/#breadcrumb"},"inLanguage":"en-US","potentialAction":[{"@type":"ReadAction","target":["https:\/\/coidauraterra.com\/servicios\/seguridad-e-higiene\/"]}]},{"@type":"BreadcrumbList","@id":"https:\/\/coidauraterra.com\/servicios\/seguridad-e-higiene\/#breadcrumb","itemListElement":[{"@type":"ListItem","position":1,"name":"Home","item":"https:\/\/coidauraterra.com\/"},{"@type":"ListItem","position":2,"name":"Servicios","item":"https:\/\/coidauraterra.com\/servicios\/"},{"@type":"ListItem","position":3,"name":"Seguridad e higiene"}]},{"@type":"WebSite","@id":"https:\/\/coidauraterra.com\/#website","url":"https:\/\/coidauraterra.com\/","name":"Coidaura Terra","description":"Security and Sustainability","publisher":{"@id":"https:\/\/coidauraterra.com\/#organization"},"potentialAction":[{"@type":"SearchAction","target":{"@type":"EntryPoint","urlTemplate":"https:\/\/coidauraterra.com\/?s={search_term_string}"},"query-input":{"@type":"PropertyValueSpecification","valueRequired":true,"valueName":"search_term_string"}}],"inLanguage":"en-US"},{"@type":"Organization","@id":"https:\/\/coidauraterra.com\/#organization","name":"Coidaura Terra","url":"https:\/\/coidauraterra.com\/","logo":{"@type":"ImageObject","inLanguage":"en-US","@id":"https:\/\/coidauraterra.com\/#\/schema\/logo\/image\/","url":"https:\/\/coidauraterra.com\/wp-content\/uploads\/2025\/11\/logo.webp","contentUrl":"https:\/\/coidauraterra.com\/wp-content\/uploads\/2025\/11\/logo.webp","width":1903,"height":510,"caption":"Coidaura Terra"},"image":{"@id":"https:\/\/coidauraterra.com\/#\/schema\/logo\/image\/"}}]}},"uagb_featured_image_src":{"full":false,"thumbnail":false,"medium":false,"medium_large":false,"large":false,"1536x1536":false,"2048x2048":false,"trp-custom-language-flag":false},"uagb_author_info":{"display_name":"Orachi","author_link":"https:\/\/coidauraterra.com\/en\/author\/leon-codefix\/"},"uagb_comment_info":0,"uagb_excerpt":"Seguridad e higiene Cumplimiento de normas en seguridad e higiene industrial Asesor\u00eda, estudios y elaboraci\u00f3n de sistemas de gesti\u00f3n en cumplimiento con la ASEA, la STPS e ISO 45001. Certificaciones y sellos sostenibles Asesor\u00eda para obtener certificaciones como ISO 14001, ISO 45001, ISO 9001, que validen las pr\u00e1cticas sostenibles de la empresa.","_links":{"self":[{"href":"https:\/\/coidauraterra.com\/en\/wp-json\/wp\/v2\/pages\/80","targetHints":{"allow":["GET"]}}],"collection":[{"href":"https:\/\/coidauraterra.com\/en\/wp-json\/wp\/v2\/pages"}],"about":[{"href":"https:\/\/coidauraterra.com\/en\/wp-json\/wp\/v2\/types\/page"}],"author":[{"embeddable":true,"href":"https:\/\/coidauraterra.com\/en\/wp-json\/wp\/v2\/users\/1"}],"replies":[{"embeddable":true,"href":"https:\/\/coidauraterra.com\/en\/wp-json\/wp\/v2\/comments?post=80"}],"version-history":[{"count":17,"href":"https:\/\/coidauraterra.com\/en\/wp-json\/wp\/v2\/pages\/80\/revisions"}],"predecessor-version":[{"id":711,"href":"https:\/\/coidauraterra.com\/en\/wp-json\/wp\/v2\/pages\/80\/revisions\/711"}],"up":[{"embeddable":true,"href":"https:\/\/coidauraterra.com\/en\/wp-json\/wp\/v2\/pages\/69"}],"wp:attachment":[{"href":"https:\/\/coidauraterra.com\/en\/wp-json\/wp\/v2\/media?parent=80"}],"curies":[{"name":"wp","href":"https:\/\/api.w.org\/{rel}","templated":true}]}}